{"id":1080,"date":"2025-07-01T17:25:43","date_gmt":"2025-07-01T15:25:43","guid":{"rendered":"https:\/\/hannibal.ch\/?post_type=product&#038;p=1080"},"modified":"2025-09-01T16:03:11","modified_gmt":"2025-09-01T14:03:11","slug":"industrielle-arbeitslampe","status":"publish","type":"product","link":"https:\/\/hannibal.ch\/en\/produkt\/industrielle-arbeitslampe\/","title":{"rendered":"Industrial work lamp"},"content":{"rendered":"<p>Practical work lamp, available from us brand new in various colours.<\/p>\n<p>The Jield\u00e9 lamp was developed in 1958 by French engineer Jean-Louis Domecq as a robust and flexible work lamp. It is characterised by freely movable joints (360\u00b0), a stable construction and easy repairability. Originally intended for industrial purposes, it is now a sought-after design classic.<\/p>\n<p>With painted metal parts, aluminium reflector and clamp fastening.<\/p>","protected":false},"excerpt":{"rendered":"<p>Praktische Arbeitslampe, bei uns Fabrikneu erh\u00e4ltlich in verschiedenen Farben. Die Jield\u00e9 Lampe wurde 1958 vom franz\u00f6sischen Ingenieur Jean-Louis Domecq als robuste und flexible Arbeitsleuchte entwickelt. Sie zeichnet sich durch frei bewegliche Gelenke (360\u00b0), eine stabile Konstruktion sowie einfache Reparierbarkeit aus. Urspr\u00fcnglich f\u00fcr industrielle Zwecke gedacht, ist sie heute ein gefragter Designklassiker. Mit lackierten Metallteilen, Aluminium-Reflektor [&hellip;]<\/p>\n","protected":false},"featured_media":1083,"comment_status":"closed","ping_status":"closed","template":"","meta":{"_acf_changed":false},"designer":[138],"product_brand":[137],"product_cat":[24,20],"product_tag":[],"class_list":{"0":"post-1080","1":"product","2":"type-product","3":"status-publish","4":"has-post-thumbnail","6":"designer-jean-louis-domecq","7":"product_brand-jielde","8":"product_cat-moebel","9":"product_cat-lampen","11":"first","12":"instock","13":"sale","14":"shipping-taxable","15":"purchasable","16":"product-type-simple"},"acf":[],"_links":{"self":[{"href":"https:\/\/hannibal.ch\/en\/wp-json\/wp\/v2\/product\/1080","targetHints":{"allow":["GET"]}}],"collection":[{"href":"https:\/\/hannibal.ch\/en\/wp-json\/wp\/v2\/product"}],"about":[{"href":"https:\/\/hannibal.ch\/en\/wp-json\/wp\/v2\/types\/product"}],"replies":[{"embeddable":true,"href":"https:\/\/hannibal.ch\/en\/wp-json\/wp\/v2\/comments?post=1080"}],"wp:featuredmedia":[{"embeddable":true,"href":"https:\/\/hannibal.ch\/en\/wp-json\/wp\/v2\/media\/1083"}],"wp:attachment":[{"href":"https:\/\/hannibal.ch\/en\/wp-json\/wp\/v2\/media?parent=1080"}],"wp:term":[{"taxonomy":"designer","embeddable":true,"href":"https:\/\/hannibal.ch\/en\/wp-json\/wp\/v2\/designer?post=1080"},{"taxonomy":"product_brand","embeddable":true,"href":"https:\/\/hannibal.ch\/en\/wp-json\/wp\/v2\/product_brand?post=1080"},{"taxonomy":"product_cat","embeddable":true,"href":"https:\/\/hannibal.ch\/en\/wp-json\/wp\/v2\/product_cat?post=1080"},{"taxonomy":"product_tag","embeddable":true,"href":"https:\/\/hannibal.ch\/en\/wp-json\/wp\/v2\/product_tag?post=1080"}],"curies":[{"name":"wp","href":"https:\/\/api.w.org\/{rel}","templated":true}]}}