{"id":1304,"date":"2025-09-26T11:54:22","date_gmt":"2025-09-26T09:54:22","guid":{"rendered":"https:\/\/hannibal.ch\/?post_type=product&#038;p=1304"},"modified":"2025-11-30T12:33:29","modified_gmt":"2025-11-30T10:33:29","slug":"haengelampe-spluegen-braeu","status":"publish","type":"product","link":"https:\/\/hannibal.ch\/en\/produkt\/haengelampe-spluegen-braeu\/","title":{"rendered":"Hanging lamp Spl\u00fcgen Br\u00e4u"},"content":{"rendered":"<p>Hanging lamp by Achille &amp; Pier Giacomo Castiglioni for Flos, 1961. <\/p>\n<p>Pendant lamp made of polished aluminium with focused light, designed in 1961 by Achille and Pier Giacomo Castiglioni. Its origins lie in a commission to design the Milan brewery and restaurant Spl\u00fcgen Br\u00e4u, named after an Italian beer with a German name brewed by Carlsberg near Milan. The luminaire has been produced by Flos since 1961.<\/p>","protected":false},"excerpt":{"rendered":"<p>H\u00e4ngelampe von Achille &#038; Pier Giacomo Castiglioni f\u00fcr Flos, 1961. Pendelleuchte aus poliertem Aluminium mit geb\u00fcndeltem Licht, entworfen 1961 von Achille und Pier Giacomo Castiglioni. Ihren Ursprung hat sie im Auftrag zur Gestaltung der Mail\u00e4nder Brauerei und des Restaurants Spl\u00fcgen Br\u00e4u, benannt nach einem italienischen Bier mit deutschem Namen, das von Carlsberg bei Mailand gebraut [&hellip;]<\/p>\n","protected":false},"featured_media":1305,"comment_status":"closed","ping_status":"closed","template":"","meta":{"_acf_changed":false},"designer":[73],"product_brand":[72],"product_cat":[24,20],"product_tag":[],"class_list":{"0":"post-1304","1":"product","2":"type-product","3":"status-publish","4":"has-post-thumbnail","6":"designer-achille-und-pier-giacomo-castiglioni","7":"product_brand-flos","8":"product_cat-moebel","9":"product_cat-lampen","11":"first","12":"outofstock","13":"shipping-taxable","14":"purchasable","15":"product-type-simple"},"acf":[],"_links":{"self":[{"href":"https:\/\/hannibal.ch\/en\/wp-json\/wp\/v2\/product\/1304","targetHints":{"allow":["GET"]}}],"collection":[{"href":"https:\/\/hannibal.ch\/en\/wp-json\/wp\/v2\/product"}],"about":[{"href":"https:\/\/hannibal.ch\/en\/wp-json\/wp\/v2\/types\/product"}],"replies":[{"embeddable":true,"href":"https:\/\/hannibal.ch\/en\/wp-json\/wp\/v2\/comments?post=1304"}],"wp:featuredmedia":[{"embeddable":true,"href":"https:\/\/hannibal.ch\/en\/wp-json\/wp\/v2\/media\/1305"}],"wp:attachment":[{"href":"https:\/\/hannibal.ch\/en\/wp-json\/wp\/v2\/media?parent=1304"}],"wp:term":[{"taxonomy":"designer","embeddable":true,"href":"https:\/\/hannibal.ch\/en\/wp-json\/wp\/v2\/designer?post=1304"},{"taxonomy":"product_brand","embeddable":true,"href":"https:\/\/hannibal.ch\/en\/wp-json\/wp\/v2\/product_brand?post=1304"},{"taxonomy":"product_cat","embeddable":true,"href":"https:\/\/hannibal.ch\/en\/wp-json\/wp\/v2\/product_cat?post=1304"},{"taxonomy":"product_tag","embeddable":true,"href":"https:\/\/hannibal.ch\/en\/wp-json\/wp\/v2\/product_tag?post=1304"}],"curies":[{"name":"wp","href":"https:\/\/api.w.org\/{rel}","templated":true}]}}