{"id":442,"date":"2025-07-30T17:47:23","date_gmt":"2025-07-30T15:47:23","guid":{"rendered":"http:\/\/localhost:10023\/?post_type=product&#038;p=442"},"modified":"2025-09-01T16:03:11","modified_gmt":"2025-09-01T14:03:11","slug":"lichtschalter-lampe-luminoso","status":"publish","type":"product","link":"https:\/\/hannibal.ch\/en\/produkt\/lichtschalter-lampe-luminoso\/","title":{"rendered":"Light switch lamp Luminoso"},"content":{"rendered":"<p>The Neoplex Luminoso is an unusual wall lamp that resembles an oversized light switch. To switch on the light, the button is pressed in like a normal light switch. This unique light combines functionality with a humorous design and is an eye-catcher in any room. The light uses a T9 fluorescent tube in a ring shape and is an oversized version of the Swiss Feller light switch.<\/p>","protected":false},"excerpt":{"rendered":"<p>Die Neoplex Luminoso ist eine aussergew\u00f6hnliche Wandlampe, die einen \u00fcbergrossen Lichtschalter darstellt. Um das Licht einzuschalten, wird der Knopf wie bei einem normalen Lichtschalter eingedr\u00fcckt. Diese einzigartige Leuchte kombiniert Funktionalit\u00e4t mit einem humorvollen Design und ist ein Blickfang in jedem Raum. Die Leuchte verwendet eine T9 Leuchtstoffr\u00f6hre in Ringform und ist eine \u00fcberdimensionierte Version des [&hellip;]<\/p>\n","protected":false},"featured_media":443,"comment_status":"closed","ping_status":"closed","template":"","meta":{"_acf_changed":false},"designer":[],"product_brand":[67],"product_cat":[20,24],"product_tag":[],"class_list":{"0":"post-442","1":"product","2":"type-product","3":"status-publish","4":"has-post-thumbnail","6":"product_brand-neoplex-zuerich","7":"product_cat-lampen","8":"product_cat-moebel","10":"first","11":"instock","12":"shipping-taxable","13":"purchasable","14":"product-type-simple"},"acf":[],"_links":{"self":[{"href":"https:\/\/hannibal.ch\/en\/wp-json\/wp\/v2\/product\/442","targetHints":{"allow":["GET"]}}],"collection":[{"href":"https:\/\/hannibal.ch\/en\/wp-json\/wp\/v2\/product"}],"about":[{"href":"https:\/\/hannibal.ch\/en\/wp-json\/wp\/v2\/types\/product"}],"replies":[{"embeddable":true,"href":"https:\/\/hannibal.ch\/en\/wp-json\/wp\/v2\/comments?post=442"}],"wp:featuredmedia":[{"embeddable":true,"href":"https:\/\/hannibal.ch\/en\/wp-json\/wp\/v2\/media\/443"}],"wp:attachment":[{"href":"https:\/\/hannibal.ch\/en\/wp-json\/wp\/v2\/media?parent=442"}],"wp:term":[{"taxonomy":"designer","embeddable":true,"href":"https:\/\/hannibal.ch\/en\/wp-json\/wp\/v2\/designer?post=442"},{"taxonomy":"product_brand","embeddable":true,"href":"https:\/\/hannibal.ch\/en\/wp-json\/wp\/v2\/product_brand?post=442"},{"taxonomy":"product_cat","embeddable":true,"href":"https:\/\/hannibal.ch\/en\/wp-json\/wp\/v2\/product_cat?post=442"},{"taxonomy":"product_tag","embeddable":true,"href":"https:\/\/hannibal.ch\/en\/wp-json\/wp\/v2\/product_tag?post=442"}],"curies":[{"name":"wp","href":"https:\/\/api.w.org\/{rel}","templated":true}]}}