{"id":1006,"date":"2025-08-27T15:21:21","date_gmt":"2025-08-27T13:21:21","guid":{"rendered":"https:\/\/hannibal.ch\/?post_type=product&#038;p=1006"},"modified":"2025-11-02T21:22:45","modified_gmt":"2025-11-02T19:22:45","slug":"garderobe-attaccapanni-mit-schirmstaender","status":"publish","type":"product","link":"https:\/\/hannibal.ch\/fr\/produkt\/garderobe-attaccapanni-mit-schirmstaender\/","title":{"rendered":"Portemanteau \u00abAttaccapanni\u00bb avec porte-parapluies"},"content":{"rendered":"<p>Portemanteau \u00abAttaccapanni\u00bb avec 6 crochets et porte-parapluies de Valenti. 2 pi\u00e8ces disponibles. Fabriqu\u00e9 en Italie. Il est fabriqu\u00e9 en m\u00e9tal chrom\u00e9 de haute qualit\u00e9. Avec une hauteur d'environ 163 cm et un diam\u00e8tre de 35 cm, ce portemanteau offre suffisamment de place pour vos v\u00eatements et accessoires.<\/p>","protected":false},"excerpt":{"rendered":"<p>Portemanteau \u00abAttaccapanni\u00bb avec 6 crochets et porte-parapluies de Valenti. 2 pi\u00e8ces disponibles. Fabriqu\u00e9 en Italie. Il est fabriqu\u00e9 en m\u00e9tal chrom\u00e9 de haute qualit\u00e9. Avec une hauteur d'environ 163 cm et un diam\u00e8tre de 35 cm, ce portemanteau offre suffisamment de place pour vos v\u00eatements et accessoires.<\/p>","protected":false},"featured_media":1009,"comment_status":"closed","ping_status":"closed","template":"","meta":{"_acf_changed":false},"designer":[],"product_brand":[124],"product_cat":[24,123],"product_tag":[],"class_list":{"0":"post-1006","1":"product","2":"type-product","3":"status-publish","4":"has-post-thumbnail","6":"product_brand-valenti","7":"product_cat-moebel","8":"product_cat-garderoben","10":"first","11":"instock","12":"shipping-taxable","13":"purchasable","14":"product-type-simple"},"acf":[],"_links":{"self":[{"href":"https:\/\/hannibal.ch\/fr\/wp-json\/wp\/v2\/product\/1006","targetHints":{"allow":["GET"]}}],"collection":[{"href":"https:\/\/hannibal.ch\/fr\/wp-json\/wp\/v2\/product"}],"about":[{"href":"https:\/\/hannibal.ch\/fr\/wp-json\/wp\/v2\/types\/product"}],"replies":[{"embeddable":true,"href":"https:\/\/hannibal.ch\/fr\/wp-json\/wp\/v2\/comments?post=1006"}],"wp:featuredmedia":[{"embeddable":true,"href":"https:\/\/hannibal.ch\/fr\/wp-json\/wp\/v2\/media\/1009"}],"wp:attachment":[{"href":"https:\/\/hannibal.ch\/fr\/wp-json\/wp\/v2\/media?parent=1006"}],"wp:term":[{"taxonomy":"designer","embeddable":true,"href":"https:\/\/hannibal.ch\/fr\/wp-json\/wp\/v2\/designer?post=1006"},{"taxonomy":"product_brand","embeddable":true,"href":"https:\/\/hannibal.ch\/fr\/wp-json\/wp\/v2\/product_brand?post=1006"},{"taxonomy":"product_cat","embeddable":true,"href":"https:\/\/hannibal.ch\/fr\/wp-json\/wp\/v2\/product_cat?post=1006"},{"taxonomy":"product_tag","embeddable":true,"href":"https:\/\/hannibal.ch\/fr\/wp-json\/wp\/v2\/product_tag?post=1006"}],"curies":[{"name":"wp","href":"https:\/\/api.w.org\/{rel}","templated":true}]}}