{"id":1017,"date":"2025-08-27T15:58:27","date_gmt":"2025-08-27T13:58:27","guid":{"rendered":"https:\/\/hannibal.ch\/?post_type=product&#038;p=1017"},"modified":"2025-09-12T12:30:01","modified_gmt":"2025-09-12T10:30:01","slug":"staenderlampe-mit-2-spots","status":"publish","type":"product","link":"https:\/\/hannibal.ch\/fr\/produkt\/staenderlampe-mit-2-spots\/","title":{"rendered":"Lampe sur pied avec 2 spots"},"content":{"rendered":"<p>Lampe sur pied avec 2 spots enti\u00e8rement flexibles, originale des ann\u00e9es 60 en bonne qualit\u00e9. <\/p>","protected":false},"excerpt":{"rendered":"<p>Lampe sur pied avec 2 spots enti\u00e8rement flexibles, originale des ann\u00e9es 60 en bonne qualit\u00e9.<\/p>","protected":false},"featured_media":1022,"comment_status":"closed","ping_status":"closed","template":"","meta":{"_acf_changed":false},"designer":[],"product_brand":[],"product_cat":[24,20],"product_tag":[],"class_list":{"0":"post-1017","1":"product","2":"type-product","3":"status-publish","4":"has-post-thumbnail","6":"product_cat-moebel","7":"product_cat-lampen","9":"first","10":"instock","11":"shipping-taxable","12":"purchasable","13":"product-type-simple"},"acf":[],"_links":{"self":[{"href":"https:\/\/hannibal.ch\/fr\/wp-json\/wp\/v2\/product\/1017","targetHints":{"allow":["GET"]}}],"collection":[{"href":"https:\/\/hannibal.ch\/fr\/wp-json\/wp\/v2\/product"}],"about":[{"href":"https:\/\/hannibal.ch\/fr\/wp-json\/wp\/v2\/types\/product"}],"replies":[{"embeddable":true,"href":"https:\/\/hannibal.ch\/fr\/wp-json\/wp\/v2\/comments?post=1017"}],"wp:featuredmedia":[{"embeddable":true,"href":"https:\/\/hannibal.ch\/fr\/wp-json\/wp\/v2\/media\/1022"}],"wp:attachment":[{"href":"https:\/\/hannibal.ch\/fr\/wp-json\/wp\/v2\/media?parent=1017"}],"wp:term":[{"taxonomy":"designer","embeddable":true,"href":"https:\/\/hannibal.ch\/fr\/wp-json\/wp\/v2\/designer?post=1017"},{"taxonomy":"product_brand","embeddable":true,"href":"https:\/\/hannibal.ch\/fr\/wp-json\/wp\/v2\/product_brand?post=1017"},{"taxonomy":"product_cat","embeddable":true,"href":"https:\/\/hannibal.ch\/fr\/wp-json\/wp\/v2\/product_cat?post=1017"},{"taxonomy":"product_tag","embeddable":true,"href":"https:\/\/hannibal.ch\/fr\/wp-json\/wp\/v2\/product_tag?post=1017"}],"curies":[{"name":"wp","href":"https:\/\/api.w.org\/{rel}","templated":true}]}}