{"id":1042,"date":"2025-08-27T20:35:47","date_gmt":"2025-08-27T18:35:47","guid":{"rendered":"https:\/\/hannibal.ch\/?post_type=product&#038;p=1042"},"modified":"2025-09-01T16:03:10","modified_gmt":"2025-09-01T14:03:10","slug":"tischlampe-arbeitsleuchte","status":"publish","type":"product","link":"https:\/\/hannibal.ch\/fr\/produkt\/tischlampe-arbeitsleuchte\/","title":{"rendered":"Lampe de table\/lampe de travail"},"content":{"rendered":"<p>Lampe de table industrielle de style Bauhaus, r\u00e9glable en hauteur et inclinable. Utilis\u00e9e dans les laboratoires des universit\u00e9s et des hautes \u00e9coles \u00e0 Zurich. Douille E27, pied avec feutre.<\/p>","protected":false},"excerpt":{"rendered":"<p>Lampe de table industrielle de style Bauhaus, r\u00e9glable en hauteur et inclinable. Utilis\u00e9e dans les laboratoires des universit\u00e9s et des hautes \u00e9coles \u00e0 Zurich. Douille E27, pied avec feutre.<\/p>","protected":false},"featured_media":1044,"comment_status":"closed","ping_status":"closed","template":"","meta":{"_acf_changed":false},"designer":[],"product_brand":[128],"product_cat":[24,20],"product_tag":[],"class_list":{"0":"post-1042","1":"product","2":"type-product","3":"status-publish","4":"has-post-thumbnail","6":"product_brand-b-a-g-turgi","7":"product_cat-moebel","8":"product_cat-lampen","10":"first","11":"instock","12":"shipping-taxable","13":"purchasable","14":"product-type-simple"},"acf":[],"_links":{"self":[{"href":"https:\/\/hannibal.ch\/fr\/wp-json\/wp\/v2\/product\/1042","targetHints":{"allow":["GET"]}}],"collection":[{"href":"https:\/\/hannibal.ch\/fr\/wp-json\/wp\/v2\/product"}],"about":[{"href":"https:\/\/hannibal.ch\/fr\/wp-json\/wp\/v2\/types\/product"}],"replies":[{"embeddable":true,"href":"https:\/\/hannibal.ch\/fr\/wp-json\/wp\/v2\/comments?post=1042"}],"wp:featuredmedia":[{"embeddable":true,"href":"https:\/\/hannibal.ch\/fr\/wp-json\/wp\/v2\/media\/1044"}],"wp:attachment":[{"href":"https:\/\/hannibal.ch\/fr\/wp-json\/wp\/v2\/media?parent=1042"}],"wp:term":[{"taxonomy":"designer","embeddable":true,"href":"https:\/\/hannibal.ch\/fr\/wp-json\/wp\/v2\/designer?post=1042"},{"taxonomy":"product_brand","embeddable":true,"href":"https:\/\/hannibal.ch\/fr\/wp-json\/wp\/v2\/product_brand?post=1042"},{"taxonomy":"product_cat","embeddable":true,"href":"https:\/\/hannibal.ch\/fr\/wp-json\/wp\/v2\/product_cat?post=1042"},{"taxonomy":"product_tag","embeddable":true,"href":"https:\/\/hannibal.ch\/fr\/wp-json\/wp\/v2\/product_tag?post=1042"}],"curies":[{"name":"wp","href":"https:\/\/api.w.org\/{rel}","templated":true}]}}