{"id":1061,"date":"2025-08-29T16:04:57","date_gmt":"2025-08-29T14:04:57","guid":{"rendered":"https:\/\/hannibal.ch\/?post_type=product&#038;p=1061"},"modified":"2025-09-28T20:05:43","modified_gmt":"2025-09-28T18:05:43","slug":"kandido-tischleuchte","status":"publish","type":"product","link":"https:\/\/hannibal.ch\/fr\/produkt\/kandido-tischleuchte\/","title":{"rendered":"Kandido Lampe de table"},"content":{"rendered":"<p>Kandido Lampe de table Luci Italia, con\u00e7ue par Porsche Design dans les ann\u00e9es 1980. Le socle est en plastique, les trois tiges t\u00e9lescopiques sont en acier chrom\u00e9, le diffuseur est en plastique. Dans l'ensemble, en bon \u00e9tat.<\/p>","protected":false},"excerpt":{"rendered":"<p>Kandido Lampe de table Luci Italia, con\u00e7ue par Porsche Design dans les ann\u00e9es 1980. Le socle est en plastique, les trois tiges t\u00e9lescopiques sont en acier chrom\u00e9, le diffuseur est en plastique. Dans l'ensemble, en bon \u00e9tat.<\/p>","protected":false},"featured_media":1065,"comment_status":"closed","ping_status":"closed","template":"","meta":{"_acf_changed":false},"designer":[134],"product_brand":[133],"product_cat":[24,20],"product_tag":[],"class_list":{"0":"post-1061","1":"product","2":"type-product","3":"status-publish","4":"has-post-thumbnail","6":"designer-porsche-design","7":"product_brand-luci-italia","8":"product_cat-moebel","9":"product_cat-lampen","11":"first","12":"instock","13":"shipping-taxable","14":"purchasable","15":"product-type-simple"},"acf":[],"_links":{"self":[{"href":"https:\/\/hannibal.ch\/fr\/wp-json\/wp\/v2\/product\/1061","targetHints":{"allow":["GET"]}}],"collection":[{"href":"https:\/\/hannibal.ch\/fr\/wp-json\/wp\/v2\/product"}],"about":[{"href":"https:\/\/hannibal.ch\/fr\/wp-json\/wp\/v2\/types\/product"}],"replies":[{"embeddable":true,"href":"https:\/\/hannibal.ch\/fr\/wp-json\/wp\/v2\/comments?post=1061"}],"wp:featuredmedia":[{"embeddable":true,"href":"https:\/\/hannibal.ch\/fr\/wp-json\/wp\/v2\/media\/1065"}],"wp:attachment":[{"href":"https:\/\/hannibal.ch\/fr\/wp-json\/wp\/v2\/media?parent=1061"}],"wp:term":[{"taxonomy":"designer","embeddable":true,"href":"https:\/\/hannibal.ch\/fr\/wp-json\/wp\/v2\/designer?post=1061"},{"taxonomy":"product_brand","embeddable":true,"href":"https:\/\/hannibal.ch\/fr\/wp-json\/wp\/v2\/product_brand?post=1061"},{"taxonomy":"product_cat","embeddable":true,"href":"https:\/\/hannibal.ch\/fr\/wp-json\/wp\/v2\/product_cat?post=1061"},{"taxonomy":"product_tag","embeddable":true,"href":"https:\/\/hannibal.ch\/fr\/wp-json\/wp\/v2\/product_tag?post=1061"}],"curies":[{"name":"wp","href":"https:\/\/api.w.org\/{rel}","templated":true}]}}