{"id":1071,"date":"2025-08-29T16:56:44","date_gmt":"2025-08-29T14:56:44","guid":{"rendered":"https:\/\/hannibal.ch\/?post_type=product&#038;p=1071"},"modified":"2025-09-01T16:03:10","modified_gmt":"2025-09-01T14:03:10","slug":"tischlampe-typ-60","status":"publish","type":"product","link":"https:\/\/hannibal.ch\/fr\/produkt\/tischlampe-typ-60\/","title":{"rendered":"Lampe de table type 60"},"content":{"rendered":"<p>Baltensweiler compte parmi les ic\u00f4nes du design suisse en mati\u00e8re de luminaires. Le type 60 est consid\u00e9r\u00e9 - \u00e0 c\u00f4t\u00e9 de mod\u00e8les comme le type 600 ou le Pentarkus - comme particuli\u00e8rement recherch\u00e9.<\/p>\n<p>La lampe repose sur un pied en fonte blanche, a un r\u00e9flecteur en aluminium laqu\u00e9 et des bras chrom\u00e9s r\u00e9glables de mani\u00e8re flexible. Interrupteur sur l'abat-jour. Disponible 2x en blanc et 1x en noir.<\/p>","protected":false},"excerpt":{"rendered":"<p>Baltensweiler compte parmi les ic\u00f4nes du design suisse en mati\u00e8re de luminaires. Le Type 60 est consid\u00e9r\u00e9 - \u00e0 c\u00f4t\u00e9 de mod\u00e8les comme le Type 600 ou le Pentarkus - comme particuli\u00e8rement convoit\u00e9. Le luminaire repose sur un pied en fonte blanche, poss\u00e8de un r\u00e9flecteur en aluminium laqu\u00e9 ainsi que des bras chrom\u00e9s et r\u00e9glables de mani\u00e8re flexible. Interrupteur sur l'abat-jour. Disponible 2x en blanc et 1x en noir.<\/p>","protected":false},"featured_media":1072,"comment_status":"closed","ping_status":"closed","template":"","meta":{"_acf_changed":false},"designer":[],"product_brand":[39],"product_cat":[24,20],"product_tag":[],"class_list":{"0":"post-1071","1":"product","2":"type-product","3":"status-publish","4":"has-post-thumbnail","6":"product_brand-baltensweiler","7":"product_cat-moebel","8":"product_cat-lampen","10":"first","11":"instock","12":"shipping-taxable","13":"purchasable","14":"product-type-simple"},"acf":[],"_links":{"self":[{"href":"https:\/\/hannibal.ch\/fr\/wp-json\/wp\/v2\/product\/1071","targetHints":{"allow":["GET"]}}],"collection":[{"href":"https:\/\/hannibal.ch\/fr\/wp-json\/wp\/v2\/product"}],"about":[{"href":"https:\/\/hannibal.ch\/fr\/wp-json\/wp\/v2\/types\/product"}],"replies":[{"embeddable":true,"href":"https:\/\/hannibal.ch\/fr\/wp-json\/wp\/v2\/comments?post=1071"}],"wp:featuredmedia":[{"embeddable":true,"href":"https:\/\/hannibal.ch\/fr\/wp-json\/wp\/v2\/media\/1072"}],"wp:attachment":[{"href":"https:\/\/hannibal.ch\/fr\/wp-json\/wp\/v2\/media?parent=1071"}],"wp:term":[{"taxonomy":"designer","embeddable":true,"href":"https:\/\/hannibal.ch\/fr\/wp-json\/wp\/v2\/designer?post=1071"},{"taxonomy":"product_brand","embeddable":true,"href":"https:\/\/hannibal.ch\/fr\/wp-json\/wp\/v2\/product_brand?post=1071"},{"taxonomy":"product_cat","embeddable":true,"href":"https:\/\/hannibal.ch\/fr\/wp-json\/wp\/v2\/product_cat?post=1071"},{"taxonomy":"product_tag","embeddable":true,"href":"https:\/\/hannibal.ch\/fr\/wp-json\/wp\/v2\/product_tag?post=1071"}],"curies":[{"name":"wp","href":"https:\/\/api.w.org\/{rel}","templated":true}]}}