{"id":1146,"date":"2025-09-08T11:32:16","date_gmt":"2025-09-08T09:32:16","guid":{"rendered":"https:\/\/hannibal.ch\/?post_type=product&#038;p=1146"},"modified":"2025-09-12T12:18:10","modified_gmt":"2025-09-12T10:18:10","slug":"roth-bett-modell-455-metallgefedert","status":"publish","type":"product","link":"https:\/\/hannibal.ch\/fr\/produkt\/roth-bett-modell-455-metallgefedert\/","title":{"rendered":"Roth lit mod\u00e8le 455 \u00e0 ressorts m\u00e9talliques"},"content":{"rendered":"<p>Le lit Embru mod\u00e8le 455 a \u00e9t\u00e9 con\u00e7u par Alfred Roth en 1927. Il est souvent qualifi\u00e9 \u00e0 tort de lit Corbusier. Premi\u00e8re version avec des ressorts m\u00e9talliques suppl\u00e9mentaires sp\u00e9ciaux.<\/p>","protected":false},"excerpt":{"rendered":"<p>Le lit Embru mod\u00e8le 455 a \u00e9t\u00e9 con\u00e7u par Alfred Roth en 1927. Il est souvent qualifi\u00e9 \u00e0 tort de lit Corbusier. Premi\u00e8re version avec des ressorts m\u00e9talliques suppl\u00e9mentaires sp\u00e9ciaux.<\/p>","protected":false},"featured_media":1147,"comment_status":"closed","ping_status":"closed","template":"","meta":{"_acf_changed":false},"designer":[149],"product_brand":[35],"product_cat":[24,148],"product_tag":[],"class_list":{"0":"post-1146","1":"product","2":"type-product","3":"status-publish","4":"has-post-thumbnail","6":"designer-alfred-roth","7":"product_brand-embru","8":"product_cat-moebel","9":"product_cat-betten","11":"first","12":"instock","13":"shipping-taxable","14":"purchasable","15":"product-type-simple"},"acf":[],"_links":{"self":[{"href":"https:\/\/hannibal.ch\/fr\/wp-json\/wp\/v2\/product\/1146","targetHints":{"allow":["GET"]}}],"collection":[{"href":"https:\/\/hannibal.ch\/fr\/wp-json\/wp\/v2\/product"}],"about":[{"href":"https:\/\/hannibal.ch\/fr\/wp-json\/wp\/v2\/types\/product"}],"replies":[{"embeddable":true,"href":"https:\/\/hannibal.ch\/fr\/wp-json\/wp\/v2\/comments?post=1146"}],"wp:featuredmedia":[{"embeddable":true,"href":"https:\/\/hannibal.ch\/fr\/wp-json\/wp\/v2\/media\/1147"}],"wp:attachment":[{"href":"https:\/\/hannibal.ch\/fr\/wp-json\/wp\/v2\/media?parent=1146"}],"wp:term":[{"taxonomy":"designer","embeddable":true,"href":"https:\/\/hannibal.ch\/fr\/wp-json\/wp\/v2\/designer?post=1146"},{"taxonomy":"product_brand","embeddable":true,"href":"https:\/\/hannibal.ch\/fr\/wp-json\/wp\/v2\/product_brand?post=1146"},{"taxonomy":"product_cat","embeddable":true,"href":"https:\/\/hannibal.ch\/fr\/wp-json\/wp\/v2\/product_cat?post=1146"},{"taxonomy":"product_tag","embeddable":true,"href":"https:\/\/hannibal.ch\/fr\/wp-json\/wp\/v2\/product_tag?post=1146"}],"curies":[{"name":"wp","href":"https:\/\/api.w.org\/{rel}","templated":true}]}}