{"id":1150,"date":"2025-09-09T16:05:10","date_gmt":"2025-09-09T14:05:10","guid":{"rendered":"https:\/\/hannibal.ch\/?post_type=product&#038;p=1150"},"modified":"2025-11-03T12:06:55","modified_gmt":"2025-11-03T10:06:55","slug":"eames-dsr-chair-fiberglas-dsr","status":"publish","type":"product","link":"https:\/\/hannibal.ch\/fr\/produkt\/eames-dsr-chair-fiberglas-dsr\/","title":{"rendered":"Eames Side Chair fibre de verre DSR"},"content":{"rendered":"<p>Originaux vintage Eames Side Chairs de Herman Miller. La coque d'assise est en fibre de verre - pas de r\u00e9plique, pas de plastique et pas de nouveau produit Vitra. Le mod\u00e8le dispose d'un pi\u00e8tement DSR, \u00e9galement connu sous le nom de \"Eiffel Base\", en acier chrom\u00e9. Avec patine mais \u00e9tat intact. 8 pi\u00e8ces disponibles.<\/p>","protected":false},"excerpt":{"rendered":"<p>Originaux vintage Eames Side Chairs de Herman Miller. La coque d'assise est en fibre de verre - pas de r\u00e9plique, pas de plastique et pas de nouveau produit Vitra. Le mod\u00e8le dispose d'un pi\u00e8tement DSR, \u00e9galement connu sous le nom de \"Eiffel Base\", en acier chrom\u00e9. Avec patine mais \u00e9tat intact. 8 pi\u00e8ces disponibles.<\/p>","protected":false},"featured_media":1151,"comment_status":"closed","ping_status":"closed","template":"","meta":{"_acf_changed":false},"designer":[23],"product_brand":[22],"product_cat":[24,31],"product_tag":[],"class_list":{"0":"post-1150","1":"product","2":"type-product","3":"status-publish","4":"has-post-thumbnail","6":"designer-charles-ray-eames","7":"product_brand-herman-miller","8":"product_cat-moebel","9":"product_cat-stuehle","11":"first","12":"instock","13":"shipping-taxable","14":"purchasable","15":"product-type-simple"},"acf":[],"_links":{"self":[{"href":"https:\/\/hannibal.ch\/fr\/wp-json\/wp\/v2\/product\/1150","targetHints":{"allow":["GET"]}}],"collection":[{"href":"https:\/\/hannibal.ch\/fr\/wp-json\/wp\/v2\/product"}],"about":[{"href":"https:\/\/hannibal.ch\/fr\/wp-json\/wp\/v2\/types\/product"}],"replies":[{"embeddable":true,"href":"https:\/\/hannibal.ch\/fr\/wp-json\/wp\/v2\/comments?post=1150"}],"wp:featuredmedia":[{"embeddable":true,"href":"https:\/\/hannibal.ch\/fr\/wp-json\/wp\/v2\/media\/1151"}],"wp:attachment":[{"href":"https:\/\/hannibal.ch\/fr\/wp-json\/wp\/v2\/media?parent=1150"}],"wp:term":[{"taxonomy":"designer","embeddable":true,"href":"https:\/\/hannibal.ch\/fr\/wp-json\/wp\/v2\/designer?post=1150"},{"taxonomy":"product_brand","embeddable":true,"href":"https:\/\/hannibal.ch\/fr\/wp-json\/wp\/v2\/product_brand?post=1150"},{"taxonomy":"product_cat","embeddable":true,"href":"https:\/\/hannibal.ch\/fr\/wp-json\/wp\/v2\/product_cat?post=1150"},{"taxonomy":"product_tag","embeddable":true,"href":"https:\/\/hannibal.ch\/fr\/wp-json\/wp\/v2\/product_tag?post=1150"}],"curies":[{"name":"wp","href":"https:\/\/api.w.org\/{rel}","templated":true}]}}