{"id":1160,"date":"2025-09-09T17:17:51","date_gmt":"2025-09-09T15:17:51","guid":{"rendered":"https:\/\/hannibal.ch\/?post_type=product&#038;p=1160"},"modified":"2025-09-13T14:11:18","modified_gmt":"2025-09-13T12:11:18","slug":"stehleuchte-mit-2-spots-weiss","status":"publish","type":"product","link":"https:\/\/hannibal.ch\/fr\/produkt\/stehleuchte-mit-2-spots-weiss\/","title":{"rendered":"Lampadaire avec 2 spots Blanc"},"content":{"rendered":"<p>Beau lampadaire \u00e0 double spot des ann\u00e9es 60 en blanc. Les interrupteurs sont int\u00e9gr\u00e9s \u00e0 l'arri\u00e8re du spot. Les deux grands spots peuvent \u00eatre d\u00e9plac\u00e9s le long d'une tige m\u00e9tallique chrom\u00e9e.<\/p>","protected":false},"excerpt":{"rendered":"<p>Beau lampadaire \u00e0 double spot des ann\u00e9es 60 en blanc. Les interrupteurs sont int\u00e9gr\u00e9s \u00e0 l'arri\u00e8re du spot. Les deux grands spots peuvent \u00eatre d\u00e9plac\u00e9s le long d'une tige m\u00e9tallique chrom\u00e9e.<\/p>","protected":false},"featured_media":1169,"comment_status":"closed","ping_status":"closed","template":"","meta":{"_acf_changed":false},"designer":[],"product_brand":[],"product_cat":[24,20],"product_tag":[],"class_list":{"0":"post-1160","1":"product","2":"type-product","3":"status-publish","4":"has-post-thumbnail","6":"product_cat-moebel","7":"product_cat-lampen","9":"first","10":"instock","11":"shipping-taxable","12":"purchasable","13":"product-type-simple"},"acf":[],"_links":{"self":[{"href":"https:\/\/hannibal.ch\/fr\/wp-json\/wp\/v2\/product\/1160","targetHints":{"allow":["GET"]}}],"collection":[{"href":"https:\/\/hannibal.ch\/fr\/wp-json\/wp\/v2\/product"}],"about":[{"href":"https:\/\/hannibal.ch\/fr\/wp-json\/wp\/v2\/types\/product"}],"replies":[{"embeddable":true,"href":"https:\/\/hannibal.ch\/fr\/wp-json\/wp\/v2\/comments?post=1160"}],"wp:featuredmedia":[{"embeddable":true,"href":"https:\/\/hannibal.ch\/fr\/wp-json\/wp\/v2\/media\/1169"}],"wp:attachment":[{"href":"https:\/\/hannibal.ch\/fr\/wp-json\/wp\/v2\/media?parent=1160"}],"wp:term":[{"taxonomy":"designer","embeddable":true,"href":"https:\/\/hannibal.ch\/fr\/wp-json\/wp\/v2\/designer?post=1160"},{"taxonomy":"product_brand","embeddable":true,"href":"https:\/\/hannibal.ch\/fr\/wp-json\/wp\/v2\/product_brand?post=1160"},{"taxonomy":"product_cat","embeddable":true,"href":"https:\/\/hannibal.ch\/fr\/wp-json\/wp\/v2\/product_cat?post=1160"},{"taxonomy":"product_tag","embeddable":true,"href":"https:\/\/hannibal.ch\/fr\/wp-json\/wp\/v2\/product_tag?post=1160"}],"curies":[{"name":"wp","href":"https:\/\/api.w.org\/{rel}","templated":true}]}}