{"id":1266,"date":"2025-09-18T15:02:08","date_gmt":"2025-09-18T13:02:08","guid":{"rendered":"https:\/\/hannibal.ch\/?post_type=product&#038;p=1266"},"modified":"2025-09-18T15:03:11","modified_gmt":"2025-09-18T13:03:11","slug":"stehleuchte-tube-light","status":"publish","type":"product","link":"https:\/\/hannibal.ch\/fr\/produkt\/stehleuchte-tube-light\/","title":{"rendered":"Lampadaire Tube Light"},"content":{"rendered":"<p>Lampadaire \"Tube Light\" de Eileen Grey, con\u00e7u en 1927, fabriqu\u00e9 par ClassiCon. Acier chrom\u00e9 avec tube lumineux. <\/p>","protected":false},"excerpt":{"rendered":"<p>Lampadaire \"Tube Light\" de Eileen Grey, con\u00e7u en 1927, fabriqu\u00e9 par ClassiCon. Acier chrom\u00e9 avec tube lumineux.<\/p>","protected":false},"featured_media":1268,"comment_status":"closed","ping_status":"closed","template":"","meta":{"_acf_changed":false},"designer":[157],"product_brand":[156],"product_cat":[24,20],"product_tag":[],"class_list":{"0":"post-1266","1":"product","2":"type-product","3":"status-publish","4":"has-post-thumbnail","6":"designer-eileen-grey","7":"product_brand-classicon","8":"product_cat-moebel","9":"product_cat-lampen","11":"first","12":"instock","13":"shipping-taxable","14":"purchasable","15":"product-type-simple"},"acf":[],"_links":{"self":[{"href":"https:\/\/hannibal.ch\/fr\/wp-json\/wp\/v2\/product\/1266","targetHints":{"allow":["GET"]}}],"collection":[{"href":"https:\/\/hannibal.ch\/fr\/wp-json\/wp\/v2\/product"}],"about":[{"href":"https:\/\/hannibal.ch\/fr\/wp-json\/wp\/v2\/types\/product"}],"replies":[{"embeddable":true,"href":"https:\/\/hannibal.ch\/fr\/wp-json\/wp\/v2\/comments?post=1266"}],"wp:featuredmedia":[{"embeddable":true,"href":"https:\/\/hannibal.ch\/fr\/wp-json\/wp\/v2\/media\/1268"}],"wp:attachment":[{"href":"https:\/\/hannibal.ch\/fr\/wp-json\/wp\/v2\/media?parent=1266"}],"wp:term":[{"taxonomy":"designer","embeddable":true,"href":"https:\/\/hannibal.ch\/fr\/wp-json\/wp\/v2\/designer?post=1266"},{"taxonomy":"product_brand","embeddable":true,"href":"https:\/\/hannibal.ch\/fr\/wp-json\/wp\/v2\/product_brand?post=1266"},{"taxonomy":"product_cat","embeddable":true,"href":"https:\/\/hannibal.ch\/fr\/wp-json\/wp\/v2\/product_cat?post=1266"},{"taxonomy":"product_tag","embeddable":true,"href":"https:\/\/hannibal.ch\/fr\/wp-json\/wp\/v2\/product_tag?post=1266"}],"curies":[{"name":"wp","href":"https:\/\/api.w.org\/{rel}","templated":true}]}}