{"id":1273,"date":"2025-09-19T12:21:59","date_gmt":"2025-09-19T10:21:59","guid":{"rendered":"https:\/\/hannibal.ch\/?post_type=product&#038;p=1273"},"modified":"2026-03-20T16:26:07","modified_gmt":"2026-03-20T14:26:07","slug":"grosse-vitrine","status":"publish","type":"product","link":"https:\/\/hannibal.ch\/fr\/produkt\/grosse-vitrine\/","title":{"rendered":"Grande vitrine"},"content":{"rendered":"<p>Grande vitrine de Glasmanufaktur AG Schaffhausen. Avec porte coulissante et 5 \u00e9tag\u00e8res en verre. La paroi arri\u00e8re est r\u00e9fl\u00e9chissante.<\/p>","protected":false},"excerpt":{"rendered":"<p>Grande vitrine de Glasmanufaktur AG Schaffhausen. Avec porte coulissante et 5 \u00e9tag\u00e8res en verre. La paroi arri\u00e8re est r\u00e9fl\u00e9chissante.<\/p>","protected":false},"featured_media":1274,"comment_status":"closed","ping_status":"closed","template":"","meta":{"_acf_changed":false},"designer":[],"product_brand":[159],"product_cat":[24,28],"product_tag":[],"class_list":{"0":"post-1273","1":"product","2":"type-product","3":"status-publish","4":"has-post-thumbnail","6":"product_brand-glasmanufaktur-ag-schaffhausen","7":"product_cat-moebel","8":"product_cat-schraenke","10":"first","11":"instock","12":"shipping-taxable","13":"purchasable","14":"product-type-simple"},"acf":[],"_links":{"self":[{"href":"https:\/\/hannibal.ch\/fr\/wp-json\/wp\/v2\/product\/1273","targetHints":{"allow":["GET"]}}],"collection":[{"href":"https:\/\/hannibal.ch\/fr\/wp-json\/wp\/v2\/product"}],"about":[{"href":"https:\/\/hannibal.ch\/fr\/wp-json\/wp\/v2\/types\/product"}],"replies":[{"embeddable":true,"href":"https:\/\/hannibal.ch\/fr\/wp-json\/wp\/v2\/comments?post=1273"}],"wp:featuredmedia":[{"embeddable":true,"href":"https:\/\/hannibal.ch\/fr\/wp-json\/wp\/v2\/media\/1274"}],"wp:attachment":[{"href":"https:\/\/hannibal.ch\/fr\/wp-json\/wp\/v2\/media?parent=1273"}],"wp:term":[{"taxonomy":"designer","embeddable":true,"href":"https:\/\/hannibal.ch\/fr\/wp-json\/wp\/v2\/designer?post=1273"},{"taxonomy":"product_brand","embeddable":true,"href":"https:\/\/hannibal.ch\/fr\/wp-json\/wp\/v2\/product_brand?post=1273"},{"taxonomy":"product_cat","embeddable":true,"href":"https:\/\/hannibal.ch\/fr\/wp-json\/wp\/v2\/product_cat?post=1273"},{"taxonomy":"product_tag","embeddable":true,"href":"https:\/\/hannibal.ch\/fr\/wp-json\/wp\/v2\/product_tag?post=1273"}],"curies":[{"name":"wp","href":"https:\/\/api.w.org\/{rel}","templated":true}]}}