{"id":1287,"date":"2025-09-24T09:55:42","date_gmt":"2025-09-24T07:55:42","guid":{"rendered":"https:\/\/hannibal.ch\/?post_type=product&#038;p=1287"},"modified":"2025-09-24T09:55:42","modified_gmt":"2025-09-24T07:55:42","slug":"garderobenstaender","status":"publish","type":"product","link":"https:\/\/hannibal.ch\/fr\/produkt\/garderobenstaender\/","title":{"rendered":"Portemanteau"},"content":{"rendered":"<p>Portemanteau sur pied en m\u00e9tal laqu\u00e9 noir avec huit bras dont les finitions en bois en forme de boule sont de couleur jaune, verte et rouge. La structure est stabilis\u00e9e par des entretoises. Fabriqu\u00e9 en France, ann\u00e9es 1960.<\/p>","protected":false},"excerpt":{"rendered":"<p>Portemanteau sur pied en m\u00e9tal laqu\u00e9 noir avec huit bras dont les finitions en bois en forme de boule sont de couleur jaune, verte et rouge. La structure est stabilis\u00e9e par des entretoises. Fabriqu\u00e9 en France, ann\u00e9es 1960.<\/p>","protected":false},"featured_media":1290,"comment_status":"closed","ping_status":"closed","template":"","meta":{"_acf_changed":false},"designer":[],"product_brand":[],"product_cat":[24,123],"product_tag":[],"class_list":{"0":"post-1287","1":"product","2":"type-product","3":"status-publish","4":"has-post-thumbnail","6":"product_cat-moebel","7":"product_cat-garderoben","9":"first","10":"instock","11":"shipping-taxable","12":"purchasable","13":"product-type-simple"},"acf":[],"_links":{"self":[{"href":"https:\/\/hannibal.ch\/fr\/wp-json\/wp\/v2\/product\/1287","targetHints":{"allow":["GET"]}}],"collection":[{"href":"https:\/\/hannibal.ch\/fr\/wp-json\/wp\/v2\/product"}],"about":[{"href":"https:\/\/hannibal.ch\/fr\/wp-json\/wp\/v2\/types\/product"}],"replies":[{"embeddable":true,"href":"https:\/\/hannibal.ch\/fr\/wp-json\/wp\/v2\/comments?post=1287"}],"wp:featuredmedia":[{"embeddable":true,"href":"https:\/\/hannibal.ch\/fr\/wp-json\/wp\/v2\/media\/1290"}],"wp:attachment":[{"href":"https:\/\/hannibal.ch\/fr\/wp-json\/wp\/v2\/media?parent=1287"}],"wp:term":[{"taxonomy":"designer","embeddable":true,"href":"https:\/\/hannibal.ch\/fr\/wp-json\/wp\/v2\/designer?post=1287"},{"taxonomy":"product_brand","embeddable":true,"href":"https:\/\/hannibal.ch\/fr\/wp-json\/wp\/v2\/product_brand?post=1287"},{"taxonomy":"product_cat","embeddable":true,"href":"https:\/\/hannibal.ch\/fr\/wp-json\/wp\/v2\/product_cat?post=1287"},{"taxonomy":"product_tag","embeddable":true,"href":"https:\/\/hannibal.ch\/fr\/wp-json\/wp\/v2\/product_tag?post=1287"}],"curies":[{"name":"wp","href":"https:\/\/api.w.org\/{rel}","templated":true}]}}