{"id":1291,"date":"2025-02-24T10:15:30","date_gmt":"2025-02-24T08:15:30","guid":{"rendered":"https:\/\/hannibal.ch\/?post_type=product&#038;p=1291"},"modified":"2025-11-30T12:21:49","modified_gmt":"2025-11-30T10:21:49","slug":"kaymet-gold-servierwagen","status":"publish","type":"product","link":"https:\/\/hannibal.ch\/fr\/produkt\/kaymet-gold-servierwagen\/","title":{"rendered":"Kaymet Gold Chariot de service"},"content":{"rendered":"<p>Chariot en aluminium anodis\u00e9 dor\u00e9 avec trois plateaux de service ins\u00e9r\u00e9s. De fabrication tr\u00e8s solide, il se d\u00e9place facilement gr\u00e2ce \u00e0 ses grandes roulettes.<\/p>","protected":false},"excerpt":{"rendered":"<p>Chariot en aluminium anodis\u00e9 dor\u00e9 avec trois plateaux de service ins\u00e9r\u00e9s. De fabrication tr\u00e8s solide, il se d\u00e9place facilement gr\u00e2ce \u00e0 ses grandes roulettes.<\/p>","protected":false},"featured_media":1294,"comment_status":"closed","ping_status":"closed","template":"","meta":{"_acf_changed":false},"designer":[],"product_brand":[164],"product_cat":[24,47],"product_tag":[],"class_list":{"0":"post-1291","1":"product","2":"type-product","3":"status-publish","4":"has-post-thumbnail","6":"product_brand-kaymet-london","7":"product_cat-moebel","8":"product_cat-rollcontainer","10":"first","11":"outofstock","12":"sale","13":"shipping-taxable","14":"purchasable","15":"product-type-simple"},"acf":[],"_links":{"self":[{"href":"https:\/\/hannibal.ch\/fr\/wp-json\/wp\/v2\/product\/1291","targetHints":{"allow":["GET"]}}],"collection":[{"href":"https:\/\/hannibal.ch\/fr\/wp-json\/wp\/v2\/product"}],"about":[{"href":"https:\/\/hannibal.ch\/fr\/wp-json\/wp\/v2\/types\/product"}],"replies":[{"embeddable":true,"href":"https:\/\/hannibal.ch\/fr\/wp-json\/wp\/v2\/comments?post=1291"}],"wp:featuredmedia":[{"embeddable":true,"href":"https:\/\/hannibal.ch\/fr\/wp-json\/wp\/v2\/media\/1294"}],"wp:attachment":[{"href":"https:\/\/hannibal.ch\/fr\/wp-json\/wp\/v2\/media?parent=1291"}],"wp:term":[{"taxonomy":"designer","embeddable":true,"href":"https:\/\/hannibal.ch\/fr\/wp-json\/wp\/v2\/designer?post=1291"},{"taxonomy":"product_brand","embeddable":true,"href":"https:\/\/hannibal.ch\/fr\/wp-json\/wp\/v2\/product_brand?post=1291"},{"taxonomy":"product_cat","embeddable":true,"href":"https:\/\/hannibal.ch\/fr\/wp-json\/wp\/v2\/product_cat?post=1291"},{"taxonomy":"product_tag","embeddable":true,"href":"https:\/\/hannibal.ch\/fr\/wp-json\/wp\/v2\/product_tag?post=1291"}],"curies":[{"name":"wp","href":"https:\/\/api.w.org\/{rel}","templated":true}]}}