{"id":1295,"date":"2025-09-24T10:41:04","date_gmt":"2025-09-24T08:41:04","guid":{"rendered":"https:\/\/hannibal.ch\/?post_type=product&#038;p=1295"},"modified":"2025-09-24T10:41:04","modified_gmt":"2025-09-24T08:41:04","slug":"schreibtischlampe-messing","status":"publish","type":"product","link":"https:\/\/hannibal.ch\/fr\/produkt\/schreibtischlampe-messing\/","title":{"rendered":"Lampe de bureau en laiton"},"content":{"rendered":"<p>El\u00e9gante lampe de bureau en laiton avec col de cygne flexible et r\u00e9flecteur conique datant des ann\u00e9es 1950. L'abat-jour est laqu\u00e9 blanc \u00e0 l'int\u00e9rieur et dor\u00e9 \u00e0 l'ext\u00e9rieur, avec de fines perforations pour un effet lumineux d\u00e9coratif. Le pied est sobrement courb\u00e9 et pourvu d'un d\u00e9tail gain\u00e9 de vert.<\/p>","protected":false},"excerpt":{"rendered":"<p>El\u00e9gante lampe de bureau en laiton avec col de cygne flexible et r\u00e9flecteur conique datant des ann\u00e9es 1950. L'abat-jour est laqu\u00e9 blanc \u00e0 l'int\u00e9rieur et dor\u00e9 \u00e0 l'ext\u00e9rieur, avec de fines perforations pour un effet lumineux d\u00e9coratif. Le pied est sobrement courb\u00e9 et pourvu d'un d\u00e9tail gain\u00e9 de vert.<\/p>","protected":false},"featured_media":1297,"comment_status":"closed","ping_status":"closed","template":"","meta":{"_acf_changed":false},"designer":[],"product_brand":[],"product_cat":[24,20],"product_tag":[],"class_list":{"0":"post-1295","1":"product","2":"type-product","3":"status-publish","4":"has-post-thumbnail","6":"product_cat-moebel","7":"product_cat-lampen","9":"first","10":"instock","11":"shipping-taxable","12":"purchasable","13":"product-type-simple"},"acf":[],"_links":{"self":[{"href":"https:\/\/hannibal.ch\/fr\/wp-json\/wp\/v2\/product\/1295","targetHints":{"allow":["GET"]}}],"collection":[{"href":"https:\/\/hannibal.ch\/fr\/wp-json\/wp\/v2\/product"}],"about":[{"href":"https:\/\/hannibal.ch\/fr\/wp-json\/wp\/v2\/types\/product"}],"replies":[{"embeddable":true,"href":"https:\/\/hannibal.ch\/fr\/wp-json\/wp\/v2\/comments?post=1295"}],"wp:featuredmedia":[{"embeddable":true,"href":"https:\/\/hannibal.ch\/fr\/wp-json\/wp\/v2\/media\/1297"}],"wp:attachment":[{"href":"https:\/\/hannibal.ch\/fr\/wp-json\/wp\/v2\/media?parent=1295"}],"wp:term":[{"taxonomy":"designer","embeddable":true,"href":"https:\/\/hannibal.ch\/fr\/wp-json\/wp\/v2\/designer?post=1295"},{"taxonomy":"product_brand","embeddable":true,"href":"https:\/\/hannibal.ch\/fr\/wp-json\/wp\/v2\/product_brand?post=1295"},{"taxonomy":"product_cat","embeddable":true,"href":"https:\/\/hannibal.ch\/fr\/wp-json\/wp\/v2\/product_cat?post=1295"},{"taxonomy":"product_tag","embeddable":true,"href":"https:\/\/hannibal.ch\/fr\/wp-json\/wp\/v2\/product_tag?post=1295"}],"curies":[{"name":"wp","href":"https:\/\/api.w.org\/{rel}","templated":true}]}}