{"id":1298,"date":"2025-09-24T10:48:46","date_gmt":"2025-09-24T08:48:46","guid":{"rendered":"https:\/\/hannibal.ch\/?post_type=product&#038;p=1298"},"modified":"2025-10-30T12:24:24","modified_gmt":"2025-10-30T10:24:24","slug":"plia-klapstuhl","status":"publish","type":"product","link":"https:\/\/hannibal.ch\/fr\/produkt\/plia-klapstuhl\/","title":{"rendered":"Plia Chaise pliante"},"content":{"rendered":"<p>S\u00e9rie de chaises pliantes avec assise et dossier en plexiglas transparent, structure en aluminium. Con\u00e7ue par Giancarlo Piretti \u00e0 la fin des ann\u00e9es 1960, devenue depuis un classique du design. <\/p>","protected":false},"excerpt":{"rendered":"<p>S\u00e9rie de chaises pliantes avec assise et dossier en plexiglas transparent, structure en aluminium. Con\u00e7ue par Giancarlo Piretti \u00e0 la fin des ann\u00e9es 1960, devenue depuis un classique du design.<\/p>","protected":false},"featured_media":1300,"comment_status":"closed","ping_status":"closed","template":"","meta":{"_acf_changed":false},"designer":[53],"product_brand":[52],"product_cat":[24,31],"product_tag":[],"class_list":{"0":"post-1298","1":"product","2":"type-product","3":"status-publish","4":"has-post-thumbnail","6":"designer-giancarlo-piretti","7":"product_brand-castelli","8":"product_cat-moebel","9":"product_cat-stuehle","11":"first","12":"instock","13":"shipping-taxable","14":"purchasable","15":"product-type-simple"},"acf":[],"_links":{"self":[{"href":"https:\/\/hannibal.ch\/fr\/wp-json\/wp\/v2\/product\/1298","targetHints":{"allow":["GET"]}}],"collection":[{"href":"https:\/\/hannibal.ch\/fr\/wp-json\/wp\/v2\/product"}],"about":[{"href":"https:\/\/hannibal.ch\/fr\/wp-json\/wp\/v2\/types\/product"}],"replies":[{"embeddable":true,"href":"https:\/\/hannibal.ch\/fr\/wp-json\/wp\/v2\/comments?post=1298"}],"wp:featuredmedia":[{"embeddable":true,"href":"https:\/\/hannibal.ch\/fr\/wp-json\/wp\/v2\/media\/1300"}],"wp:attachment":[{"href":"https:\/\/hannibal.ch\/fr\/wp-json\/wp\/v2\/media?parent=1298"}],"wp:term":[{"taxonomy":"designer","embeddable":true,"href":"https:\/\/hannibal.ch\/fr\/wp-json\/wp\/v2\/designer?post=1298"},{"taxonomy":"product_brand","embeddable":true,"href":"https:\/\/hannibal.ch\/fr\/wp-json\/wp\/v2\/product_brand?post=1298"},{"taxonomy":"product_cat","embeddable":true,"href":"https:\/\/hannibal.ch\/fr\/wp-json\/wp\/v2\/product_cat?post=1298"},{"taxonomy":"product_tag","embeddable":true,"href":"https:\/\/hannibal.ch\/fr\/wp-json\/wp\/v2\/product_tag?post=1298"}],"curies":[{"name":"wp","href":"https:\/\/api.w.org\/{rel}","templated":true}]}}