{"id":1306,"date":"2025-09-26T12:10:38","date_gmt":"2025-09-26T10:10:38","guid":{"rendered":"https:\/\/hannibal.ch\/?post_type=product&#038;p=1306"},"modified":"2025-09-26T12:12:12","modified_gmt":"2025-09-26T10:12:12","slug":"rocking-beauty-schaukelpferd","status":"publish","type":"product","link":"https:\/\/hannibal.ch\/fr\/produkt\/rocking-beauty-schaukelpferd\/","title":{"rendered":"Cheval \u00e0 bascule Rocking Beauty"},"content":{"rendered":"<p>Cheval \u00e0 bascule en bois courb\u00e9 pour enfants avec poign\u00e9e en forme de boule rouge. Par Gloria Caranica pour Creative Playthings, vers 1964-66. Expos\u00e9 au Brookly Museum.<\/p>","protected":false},"excerpt":{"rendered":"<p>Cheval \u00e0 bascule en bois courb\u00e9 pour enfants avec poign\u00e9e en forme de boule rouge. Par Gloria Caranica pour Creative Playthings, vers 1964-66. Expos\u00e9 au Brookly Museum.<\/p>","protected":false},"featured_media":1307,"comment_status":"closed","ping_status":"closed","template":"","meta":{"_acf_changed":false},"designer":[166],"product_brand":[165],"product_cat":[24,31],"product_tag":[],"class_list":{"0":"post-1306","1":"product","2":"type-product","3":"status-publish","4":"has-post-thumbnail","6":"designer-gloria-caranica","7":"product_brand-creative-playthings","8":"product_cat-moebel","9":"product_cat-stuehle","11":"first","12":"instock","13":"shipping-taxable","14":"purchasable","15":"product-type-simple"},"acf":[],"_links":{"self":[{"href":"https:\/\/hannibal.ch\/fr\/wp-json\/wp\/v2\/product\/1306","targetHints":{"allow":["GET"]}}],"collection":[{"href":"https:\/\/hannibal.ch\/fr\/wp-json\/wp\/v2\/product"}],"about":[{"href":"https:\/\/hannibal.ch\/fr\/wp-json\/wp\/v2\/types\/product"}],"replies":[{"embeddable":true,"href":"https:\/\/hannibal.ch\/fr\/wp-json\/wp\/v2\/comments?post=1306"}],"wp:featuredmedia":[{"embeddable":true,"href":"https:\/\/hannibal.ch\/fr\/wp-json\/wp\/v2\/media\/1307"}],"wp:attachment":[{"href":"https:\/\/hannibal.ch\/fr\/wp-json\/wp\/v2\/media?parent=1306"}],"wp:term":[{"taxonomy":"designer","embeddable":true,"href":"https:\/\/hannibal.ch\/fr\/wp-json\/wp\/v2\/designer?post=1306"},{"taxonomy":"product_brand","embeddable":true,"href":"https:\/\/hannibal.ch\/fr\/wp-json\/wp\/v2\/product_brand?post=1306"},{"taxonomy":"product_cat","embeddable":true,"href":"https:\/\/hannibal.ch\/fr\/wp-json\/wp\/v2\/product_cat?post=1306"},{"taxonomy":"product_tag","embeddable":true,"href":"https:\/\/hannibal.ch\/fr\/wp-json\/wp\/v2\/product_tag?post=1306"}],"curies":[{"name":"wp","href":"https:\/\/api.w.org\/{rel}","templated":true}]}}