{"id":1309,"date":"2025-09-26T12:22:43","date_gmt":"2025-09-26T10:22:43","guid":{"rendered":"https:\/\/hannibal.ch\/?post_type=product&#038;p=1309"},"modified":"2025-09-26T12:26:24","modified_gmt":"2025-09-26T10:26:24","slug":"1er-teleskopregal-johanns","status":"publish","type":"product","link":"https:\/\/hannibal.ch\/fr\/produkt\/1er-teleskopregal-johanns\/","title":{"rendered":"\u00c9tag\u00e8re t\u00e9lescopique 1er johann's"},"content":{"rendered":"<p>\u00c9tag\u00e8re t\u00e9lescopique 1 de johann's furniture de Saint-Gall. Avec deux barres t\u00e9lescopiques et 6 \u00e9tag\u00e8res. Le syst\u00e8me modulaire est facilement extensible. <\/p>","protected":false},"excerpt":{"rendered":"<p>\u00c9tag\u00e8re t\u00e9lescopique 1 de johann's furniture de Saint-Gall. Avec deux barres t\u00e9lescopiques et 6 \u00e9tag\u00e8res. Le syst\u00e8me modulaire est facilement extensible.<\/p>","protected":false},"featured_media":1311,"comment_status":"closed","ping_status":"closed","template":"","meta":{"_acf_changed":false},"designer":[],"product_brand":[167],"product_cat":[24,27],"product_tag":[],"class_list":{"0":"post-1309","1":"product","2":"type-product","3":"status-publish","4":"has-post-thumbnail","6":"product_brand-johanns-furniture","7":"product_cat-moebel","8":"product_cat-regale","10":"first","11":"instock","12":"shipping-taxable","13":"purchasable","14":"product-type-simple"},"acf":[],"_links":{"self":[{"href":"https:\/\/hannibal.ch\/fr\/wp-json\/wp\/v2\/product\/1309","targetHints":{"allow":["GET"]}}],"collection":[{"href":"https:\/\/hannibal.ch\/fr\/wp-json\/wp\/v2\/product"}],"about":[{"href":"https:\/\/hannibal.ch\/fr\/wp-json\/wp\/v2\/types\/product"}],"replies":[{"embeddable":true,"href":"https:\/\/hannibal.ch\/fr\/wp-json\/wp\/v2\/comments?post=1309"}],"wp:featuredmedia":[{"embeddable":true,"href":"https:\/\/hannibal.ch\/fr\/wp-json\/wp\/v2\/media\/1311"}],"wp:attachment":[{"href":"https:\/\/hannibal.ch\/fr\/wp-json\/wp\/v2\/media?parent=1309"}],"wp:term":[{"taxonomy":"designer","embeddable":true,"href":"https:\/\/hannibal.ch\/fr\/wp-json\/wp\/v2\/designer?post=1309"},{"taxonomy":"product_brand","embeddable":true,"href":"https:\/\/hannibal.ch\/fr\/wp-json\/wp\/v2\/product_brand?post=1309"},{"taxonomy":"product_cat","embeddable":true,"href":"https:\/\/hannibal.ch\/fr\/wp-json\/wp\/v2\/product_cat?post=1309"},{"taxonomy":"product_tag","embeddable":true,"href":"https:\/\/hannibal.ch\/fr\/wp-json\/wp\/v2\/product_tag?post=1309"}],"curies":[{"name":"wp","href":"https:\/\/api.w.org\/{rel}","templated":true}]}}