{"id":1333,"date":"2025-10-31T11:58:56","date_gmt":"2025-10-31T09:58:56","guid":{"rendered":"https:\/\/hannibal.ch\/?post_type=product&#038;p=1333"},"modified":"2025-10-31T11:58:56","modified_gmt":"2025-10-31T09:58:56","slug":"beistelltisch-servomuto","status":"publish","type":"product","link":"https:\/\/hannibal.ch\/fr\/produkt\/beistelltisch-servomuto\/","title":{"rendered":"Table d'appoint Servomuto"},"content":{"rendered":"<p>Servomuto table d'appoint d'Achille Castiglioni pour Zanotta. Compacte et facile \u00e0 transporter. La barre de transport int\u00e9gr\u00e9e facilite la manipulation. Fabriqu\u00e9e en plastique, en stratifi\u00e9 et en acier, cette table offre une solution pratique et flexible comme table d'appoint ou de service.<\/p>","protected":false},"excerpt":{"rendered":"<p>Servomuto table d'appoint d'Achille Castiglioni pour Zanotta. Compacte et facile \u00e0 transporter. La barre de transport int\u00e9gr\u00e9e facilite la manipulation. Fabriqu\u00e9e en plastique, en stratifi\u00e9 et en acier, cette table offre une solution pratique et flexible comme table d'appoint ou de service.<\/p>","protected":false},"featured_media":1334,"comment_status":"closed","ping_status":"closed","template":"","meta":{"_acf_changed":false},"designer":[73],"product_brand":[145],"product_cat":[24,21],"product_tag":[],"class_list":{"0":"post-1333","1":"product","2":"type-product","3":"status-publish","4":"has-post-thumbnail","6":"designer-achille-und-pier-giacomo-castiglioni","7":"product_brand-zanotta","8":"product_cat-moebel","9":"product_cat-tische","11":"first","12":"instock","13":"shipping-taxable","14":"purchasable","15":"product-type-simple"},"acf":[],"_links":{"self":[{"href":"https:\/\/hannibal.ch\/fr\/wp-json\/wp\/v2\/product\/1333","targetHints":{"allow":["GET"]}}],"collection":[{"href":"https:\/\/hannibal.ch\/fr\/wp-json\/wp\/v2\/product"}],"about":[{"href":"https:\/\/hannibal.ch\/fr\/wp-json\/wp\/v2\/types\/product"}],"replies":[{"embeddable":true,"href":"https:\/\/hannibal.ch\/fr\/wp-json\/wp\/v2\/comments?post=1333"}],"wp:featuredmedia":[{"embeddable":true,"href":"https:\/\/hannibal.ch\/fr\/wp-json\/wp\/v2\/media\/1334"}],"wp:attachment":[{"href":"https:\/\/hannibal.ch\/fr\/wp-json\/wp\/v2\/media?parent=1333"}],"wp:term":[{"taxonomy":"designer","embeddable":true,"href":"https:\/\/hannibal.ch\/fr\/wp-json\/wp\/v2\/designer?post=1333"},{"taxonomy":"product_brand","embeddable":true,"href":"https:\/\/hannibal.ch\/fr\/wp-json\/wp\/v2\/product_brand?post=1333"},{"taxonomy":"product_cat","embeddable":true,"href":"https:\/\/hannibal.ch\/fr\/wp-json\/wp\/v2\/product_cat?post=1333"},{"taxonomy":"product_tag","embeddable":true,"href":"https:\/\/hannibal.ch\/fr\/wp-json\/wp\/v2\/product_tag?post=1333"}],"curies":[{"name":"wp","href":"https:\/\/api.w.org\/{rel}","templated":true}]}}