{"id":1341,"date":"2025-10-31T12:16:46","date_gmt":"2025-10-31T10:16:46","guid":{"rendered":"https:\/\/hannibal.ch\/?post_type=product&#038;p=1341"},"modified":"2025-10-31T12:16:46","modified_gmt":"2025-10-31T10:16:46","slug":"daphine-tischlampe-klein","status":"publish","type":"product","link":"https:\/\/hannibal.ch\/fr\/produkt\/daphine-tischlampe-klein\/","title":{"rendered":"Daphine lampe de table petite"},"content":{"rendered":"<p>Lampe de table Daphine du d\u00e9but des ann\u00e9es 1970, con\u00e7ue par Tomasso Cimini. La lampe se caract\u00e9rise par un bras de lampe filigrane. Le lourd transformateur sert de pied et est visiblement viss\u00e9 \u00e0 la plaque du socle. Le bras de la lampe est reli\u00e9 au transformateur par une articulation sph\u00e9rique, ce qui permet de le positionner de mani\u00e8re flexible. Petite version en blanc.<\/p>","protected":false},"excerpt":{"rendered":"<p>Lampe de table Daphine du d\u00e9but des ann\u00e9es 1970, con\u00e7ue par Tomasso Cimini. La lampe se caract\u00e9rise par un bras de lampe filigrane. Le lourd transformateur sert de pied et est visiblement viss\u00e9 \u00e0 la plaque du socle. Le bras de la lampe est reli\u00e9 au transformateur par une articulation sph\u00e9rique, ce qui permet de le positionner de mani\u00e8re flexible. Petite version en blanc.<\/p>","protected":false},"featured_media":1338,"comment_status":"closed","ping_status":"closed","template":"","meta":{"_acf_changed":false},"designer":[173],"product_brand":[172],"product_cat":[24,20],"product_tag":[],"class_list":{"0":"post-1341","1":"product","2":"type-product","3":"status-publish","4":"has-post-thumbnail","6":"designer-tommaso-cimini","7":"product_brand-lumina","8":"product_cat-moebel","9":"product_cat-lampen","11":"first","12":"instock","13":"shipping-taxable","14":"purchasable","15":"product-type-simple"},"acf":[],"_links":{"self":[{"href":"https:\/\/hannibal.ch\/fr\/wp-json\/wp\/v2\/product\/1341","targetHints":{"allow":["GET"]}}],"collection":[{"href":"https:\/\/hannibal.ch\/fr\/wp-json\/wp\/v2\/product"}],"about":[{"href":"https:\/\/hannibal.ch\/fr\/wp-json\/wp\/v2\/types\/product"}],"replies":[{"embeddable":true,"href":"https:\/\/hannibal.ch\/fr\/wp-json\/wp\/v2\/comments?post=1341"}],"wp:featuredmedia":[{"embeddable":true,"href":"https:\/\/hannibal.ch\/fr\/wp-json\/wp\/v2\/media\/1338"}],"wp:attachment":[{"href":"https:\/\/hannibal.ch\/fr\/wp-json\/wp\/v2\/media?parent=1341"}],"wp:term":[{"taxonomy":"designer","embeddable":true,"href":"https:\/\/hannibal.ch\/fr\/wp-json\/wp\/v2\/designer?post=1341"},{"taxonomy":"product_brand","embeddable":true,"href":"https:\/\/hannibal.ch\/fr\/wp-json\/wp\/v2\/product_brand?post=1341"},{"taxonomy":"product_cat","embeddable":true,"href":"https:\/\/hannibal.ch\/fr\/wp-json\/wp\/v2\/product_cat?post=1341"},{"taxonomy":"product_tag","embeddable":true,"href":"https:\/\/hannibal.ch\/fr\/wp-json\/wp\/v2\/product_tag?post=1341"}],"curies":[{"name":"wp","href":"https:\/\/api.w.org\/{rel}","templated":true}]}}