{"id":1355,"date":"2025-11-13T09:13:56","date_gmt":"2025-11-13T07:13:56","guid":{"rendered":"https:\/\/hannibal.ch\/?post_type=product&#038;p=1355"},"modified":"2026-01-11T15:36:39","modified_gmt":"2026-01-11T13:36:39","slug":"marmortisch-m1-t70","status":"publish","type":"product","link":"https:\/\/hannibal.ch\/fr\/produkt\/marmortisch-m1-t70\/","title":{"rendered":"Table en marbre M1 T70"},"content":{"rendered":"<p>Table ronde en marbre d'Italie, mod\u00e8le M1 T70 d'Angelo Mangiarotti (dessin\u00e9e en 1969) pour Skipper Pollux, d\u00e9but des ann\u00e9es 1970. Construction en deux parties avec un plateau rond d'environ 3 cm d'\u00e9paisseur et un pied conique en marbre blanc. Tr\u00e8s bon \u00e9tat avec une patine correspondant \u00e0 l'\u00e2ge et de l\u00e9g\u00e8res traces d'utilisation.<\/p>","protected":false},"excerpt":{"rendered":"<p>Table ronde en marbre d'Italie, mod\u00e8le M1 T70 d'Angelo Mangiarotti (dessin\u00e9e en 1969) pour Skipper Pollux, d\u00e9but des ann\u00e9es 1970. Construction en deux parties avec un plateau rond d'environ 3 cm d'\u00e9paisseur et un pied conique en marbre blanc. Tr\u00e8s bon \u00e9tat avec une patine correspondant \u00e0 l'\u00e2ge et de l\u00e9g\u00e8res traces d'utilisation.<\/p>","protected":false},"featured_media":1357,"comment_status":"closed","ping_status":"closed","template":"","meta":{"_acf_changed":false},"designer":[176],"product_brand":[175],"product_cat":[24,21],"product_tag":[],"class_list":{"0":"post-1355","1":"product","2":"type-product","3":"status-publish","4":"has-post-thumbnail","6":"designer-angelo-mangiarotti","7":"product_brand-skipper-pollux","8":"product_cat-moebel","9":"product_cat-tische","11":"first","12":"instock","13":"shipping-taxable","14":"product-type-simple"},"acf":[],"_links":{"self":[{"href":"https:\/\/hannibal.ch\/fr\/wp-json\/wp\/v2\/product\/1355","targetHints":{"allow":["GET"]}}],"collection":[{"href":"https:\/\/hannibal.ch\/fr\/wp-json\/wp\/v2\/product"}],"about":[{"href":"https:\/\/hannibal.ch\/fr\/wp-json\/wp\/v2\/types\/product"}],"replies":[{"embeddable":true,"href":"https:\/\/hannibal.ch\/fr\/wp-json\/wp\/v2\/comments?post=1355"}],"wp:featuredmedia":[{"embeddable":true,"href":"https:\/\/hannibal.ch\/fr\/wp-json\/wp\/v2\/media\/1357"}],"wp:attachment":[{"href":"https:\/\/hannibal.ch\/fr\/wp-json\/wp\/v2\/media?parent=1355"}],"wp:term":[{"taxonomy":"designer","embeddable":true,"href":"https:\/\/hannibal.ch\/fr\/wp-json\/wp\/v2\/designer?post=1355"},{"taxonomy":"product_brand","embeddable":true,"href":"https:\/\/hannibal.ch\/fr\/wp-json\/wp\/v2\/product_brand?post=1355"},{"taxonomy":"product_cat","embeddable":true,"href":"https:\/\/hannibal.ch\/fr\/wp-json\/wp\/v2\/product_cat?post=1355"},{"taxonomy":"product_tag","embeddable":true,"href":"https:\/\/hannibal.ch\/fr\/wp-json\/wp\/v2\/product_tag?post=1355"}],"curies":[{"name":"wp","href":"https:\/\/api.w.org\/{rel}","templated":true}]}}