{"id":1370,"date":"2025-11-30T12:52:43","date_gmt":"2025-11-30T10:52:43","guid":{"rendered":"https:\/\/hannibal.ch\/?post_type=product&#038;p=1370"},"modified":"2025-11-30T12:57:05","modified_gmt":"2025-11-30T10:57:05","slug":"arbeits-esstisch","status":"publish","type":"product","link":"https:\/\/hannibal.ch\/fr\/produkt\/arbeits-esstisch\/","title":{"rendered":"Table de travail\/de repas"},"content":{"rendered":"<p>Belle table de Marcel Breuer pour l'habitat. Pieds en tube rond en m\u00e9tal chrom\u00e9, plateau de table en bois recouvert de linol\u00e9um brun\/rouge fonc\u00e9, chants en bois.<\/p>","protected":false},"excerpt":{"rendered":"<p>Belle table de Marcel Breuer pour l'habitat. Pieds en tube rond en m\u00e9tal chrom\u00e9, plateau de table en bois recouvert de linol\u00e9um brun\/rouge fonc\u00e9, chants en bois.<\/p>","protected":false},"featured_media":1371,"comment_status":"closed","ping_status":"closed","template":"","meta":{"_acf_changed":false},"designer":[179],"product_brand":[178],"product_cat":[24,21],"product_tag":[],"class_list":{"0":"post-1370","1":"product","2":"type-product","3":"status-publish","4":"has-post-thumbnail","6":"designer-marcel-breuer","7":"product_brand-wohnbedarf","8":"product_cat-moebel","9":"product_cat-tische","11":"first","12":"instock","13":"shipping-taxable","14":"product-type-simple"},"acf":[],"_links":{"self":[{"href":"https:\/\/hannibal.ch\/fr\/wp-json\/wp\/v2\/product\/1370","targetHints":{"allow":["GET"]}}],"collection":[{"href":"https:\/\/hannibal.ch\/fr\/wp-json\/wp\/v2\/product"}],"about":[{"href":"https:\/\/hannibal.ch\/fr\/wp-json\/wp\/v2\/types\/product"}],"replies":[{"embeddable":true,"href":"https:\/\/hannibal.ch\/fr\/wp-json\/wp\/v2\/comments?post=1370"}],"wp:featuredmedia":[{"embeddable":true,"href":"https:\/\/hannibal.ch\/fr\/wp-json\/wp\/v2\/media\/1371"}],"wp:attachment":[{"href":"https:\/\/hannibal.ch\/fr\/wp-json\/wp\/v2\/media?parent=1370"}],"wp:term":[{"taxonomy":"designer","embeddable":true,"href":"https:\/\/hannibal.ch\/fr\/wp-json\/wp\/v2\/designer?post=1370"},{"taxonomy":"product_brand","embeddable":true,"href":"https:\/\/hannibal.ch\/fr\/wp-json\/wp\/v2\/product_brand?post=1370"},{"taxonomy":"product_cat","embeddable":true,"href":"https:\/\/hannibal.ch\/fr\/wp-json\/wp\/v2\/product_cat?post=1370"},{"taxonomy":"product_tag","embeddable":true,"href":"https:\/\/hannibal.ch\/fr\/wp-json\/wp\/v2\/product_tag?post=1370"}],"curies":[{"name":"wp","href":"https:\/\/api.w.org\/{rel}","templated":true}]}}