{"id":1373,"date":"2025-11-30T13:24:10","date_gmt":"2025-11-30T11:24:10","guid":{"rendered":"https:\/\/hannibal.ch\/?post_type=product&#038;p=1373"},"modified":"2025-11-30T13:24:10","modified_gmt":"2025-11-30T11:24:10","slug":"kuechentisch-r-420","status":"publish","type":"product","link":"https:\/\/hannibal.ch\/fr\/produkt\/kuechentisch-r-420\/","title":{"rendered":"Table de cuisine R 420"},"content":{"rendered":"<p>Belle table de cuisine de Bigla avec des pieds en tube d'acier chrom\u00e9, un plateau de table en bois recouvert de linol\u00e9um brun et un profil\u00e9 de bord en aluminium.<\/p>","protected":false},"excerpt":{"rendered":"<p>Belle table de cuisine de Bigla avec des pieds en tube d'acier chrom\u00e9, un plateau de table en bois recouvert de linol\u00e9um brun et un profil\u00e9 de bord en aluminium.<\/p>","protected":false},"featured_media":1374,"comment_status":"closed","ping_status":"closed","template":"","meta":{"_acf_changed":false},"designer":[],"product_brand":[180],"product_cat":[24,21],"product_tag":[],"class_list":{"0":"post-1373","1":"product","2":"type-product","3":"status-publish","4":"has-post-thumbnail","6":"product_brand-bigla","7":"product_cat-moebel","8":"product_cat-tische","10":"first","11":"instock","12":"shipping-taxable","13":"product-type-simple"},"acf":[],"_links":{"self":[{"href":"https:\/\/hannibal.ch\/fr\/wp-json\/wp\/v2\/product\/1373","targetHints":{"allow":["GET"]}}],"collection":[{"href":"https:\/\/hannibal.ch\/fr\/wp-json\/wp\/v2\/product"}],"about":[{"href":"https:\/\/hannibal.ch\/fr\/wp-json\/wp\/v2\/types\/product"}],"replies":[{"embeddable":true,"href":"https:\/\/hannibal.ch\/fr\/wp-json\/wp\/v2\/comments?post=1373"}],"wp:featuredmedia":[{"embeddable":true,"href":"https:\/\/hannibal.ch\/fr\/wp-json\/wp\/v2\/media\/1374"}],"wp:attachment":[{"href":"https:\/\/hannibal.ch\/fr\/wp-json\/wp\/v2\/media?parent=1373"}],"wp:term":[{"taxonomy":"designer","embeddable":true,"href":"https:\/\/hannibal.ch\/fr\/wp-json\/wp\/v2\/designer?post=1373"},{"taxonomy":"product_brand","embeddable":true,"href":"https:\/\/hannibal.ch\/fr\/wp-json\/wp\/v2\/product_brand?post=1373"},{"taxonomy":"product_cat","embeddable":true,"href":"https:\/\/hannibal.ch\/fr\/wp-json\/wp\/v2\/product_cat?post=1373"},{"taxonomy":"product_tag","embeddable":true,"href":"https:\/\/hannibal.ch\/fr\/wp-json\/wp\/v2\/product_tag?post=1373"}],"curies":[{"name":"wp","href":"https:\/\/api.w.org\/{rel}","templated":true}]}}