{"id":1376,"date":"2025-11-30T13:31:22","date_gmt":"2025-11-30T11:31:22","guid":{"rendered":"https:\/\/hannibal.ch\/?post_type=product&#038;p=1376"},"modified":"2025-11-30T13:31:22","modified_gmt":"2025-11-30T11:31:22","slug":"sessel-modell-1430","status":"publish","type":"product","link":"https:\/\/hannibal.ch\/fr\/produkt\/sessel-modell-1430\/","title":{"rendered":"Fauteuil \u00abmod\u00e8le 1430\u00bb"},"content":{"rendered":"<p>Fauteuil de Werner Max Moser pour Embru. Structure en tube d'acier chrom\u00e9 et rev\u00eatement en tissu gris, qui doit cependant \u00eatre remis en \u00e9tat car il est en partie trou\u00e9. (\u00abFauteuil populaire\u00bb de Werner Max Moser 1931, variante \u00abR\u00fctifauteuil\u00bb d\u00e9velopp\u00e9e par Charles Hoch 1941).<\/p>","protected":false},"excerpt":{"rendered":"<p>Fauteuil de Werner Max Moser pour Embru. Structure en tube d'acier chrom\u00e9 et rev\u00eatement en tissu gris, qui doit cependant \u00eatre remis en \u00e9tat car il est en partie trou\u00e9. (\u00abFauteuil populaire\u00bb de Werner Max Moser 1931, variante \u00abR\u00fctifauteuil\u00bb d\u00e9velopp\u00e9e par Charles Hoch 1941).<\/p>","protected":false},"featured_media":1377,"comment_status":"closed","ping_status":"closed","template":"","meta":{"_acf_changed":false},"designer":[181],"product_brand":[35],"product_cat":[24,29],"product_tag":[],"class_list":{"0":"post-1376","1":"product","2":"type-product","3":"status-publish","4":"has-post-thumbnail","6":"designer-werner-max-moser","7":"product_brand-embru","8":"product_cat-moebel","9":"product_cat-sessel","11":"first","12":"instock","13":"shipping-taxable","14":"product-type-simple"},"acf":[],"_links":{"self":[{"href":"https:\/\/hannibal.ch\/fr\/wp-json\/wp\/v2\/product\/1376","targetHints":{"allow":["GET"]}}],"collection":[{"href":"https:\/\/hannibal.ch\/fr\/wp-json\/wp\/v2\/product"}],"about":[{"href":"https:\/\/hannibal.ch\/fr\/wp-json\/wp\/v2\/types\/product"}],"replies":[{"embeddable":true,"href":"https:\/\/hannibal.ch\/fr\/wp-json\/wp\/v2\/comments?post=1376"}],"wp:featuredmedia":[{"embeddable":true,"href":"https:\/\/hannibal.ch\/fr\/wp-json\/wp\/v2\/media\/1377"}],"wp:attachment":[{"href":"https:\/\/hannibal.ch\/fr\/wp-json\/wp\/v2\/media?parent=1376"}],"wp:term":[{"taxonomy":"designer","embeddable":true,"href":"https:\/\/hannibal.ch\/fr\/wp-json\/wp\/v2\/designer?post=1376"},{"taxonomy":"product_brand","embeddable":true,"href":"https:\/\/hannibal.ch\/fr\/wp-json\/wp\/v2\/product_brand?post=1376"},{"taxonomy":"product_cat","embeddable":true,"href":"https:\/\/hannibal.ch\/fr\/wp-json\/wp\/v2\/product_cat?post=1376"},{"taxonomy":"product_tag","embeddable":true,"href":"https:\/\/hannibal.ch\/fr\/wp-json\/wp\/v2\/product_tag?post=1376"}],"curies":[{"name":"wp","href":"https:\/\/api.w.org\/{rel}","templated":true}]}}