{"id":1381,"date":"2025-11-30T13:47:46","date_gmt":"2025-11-30T11:47:46","guid":{"rendered":"https:\/\/hannibal.ch\/?post_type=product&#038;p=1381"},"modified":"2026-01-11T15:33:04","modified_gmt":"2026-01-11T13:33:04","slug":"sessel-ascona","status":"publish","type":"product","link":"https:\/\/hannibal.ch\/fr\/produkt\/sessel-ascona\/","title":{"rendered":"Fauteuil \u00abAscona\u00bb"},"content":{"rendered":"<p>Fauteuil \u00abAscona\u00bb de Jacob M\u00fcller pour Wohnhilfe. La version \u00e0 dossier haut du classique \u201eRonco\u201c : con\u00e7ue \u00e0 l'origine dans les ann\u00e9es 1940 par Jacob M\u00fcller pour sa maison de vacances \u00e0 Ronco, cette variante a \u00e9t\u00e9 commercialis\u00e9e \u00e0 partir de 1950 par la coop\u00e9rative Werkbund Wohnhilfe sous le nom d\u201e\u201cAscona\". Chaise en bon \u00e9tat, le rembourrage\/les coussins devraient \u00eatre remplac\u00e9s.<\/p>","protected":false},"excerpt":{"rendered":"<p>Fauteuil \u00abAscona\u00bb de Jacob M\u00fcller pour Wohnhilfe. La version \u00e0 dossier haut du classique \u201eRonco\u201c : con\u00e7ue \u00e0 l'origine dans les ann\u00e9es 1940 par Jacob M\u00fcller pour sa maison de vacances \u00e0 Ronco, cette variante a \u00e9t\u00e9 commercialis\u00e9e \u00e0 partir de 1950 par la coop\u00e9rative Werkbund Wohnhilfe sous le nom d\u201e\u201cAscona\". Chaise en bon \u00e9tat, le rembourrage\/les coussins devraient \u00eatre remplac\u00e9s.<\/p>","protected":false},"featured_media":1409,"comment_status":"closed","ping_status":"closed","template":"","meta":{"_acf_changed":false},"designer":[121],"product_brand":[120],"product_cat":[24,29],"product_tag":[],"class_list":{"0":"post-1381","1":"product","2":"type-product","3":"status-publish","4":"has-post-thumbnail","6":"designer-jacob-mueller","7":"product_brand-wohnhilfe","8":"product_cat-moebel","9":"product_cat-sessel","11":"first","12":"instock","13":"shipping-taxable","14":"purchasable","15":"product-type-simple"},"acf":[],"_links":{"self":[{"href":"https:\/\/hannibal.ch\/fr\/wp-json\/wp\/v2\/product\/1381","targetHints":{"allow":["GET"]}}],"collection":[{"href":"https:\/\/hannibal.ch\/fr\/wp-json\/wp\/v2\/product"}],"about":[{"href":"https:\/\/hannibal.ch\/fr\/wp-json\/wp\/v2\/types\/product"}],"replies":[{"embeddable":true,"href":"https:\/\/hannibal.ch\/fr\/wp-json\/wp\/v2\/comments?post=1381"}],"wp:featuredmedia":[{"embeddable":true,"href":"https:\/\/hannibal.ch\/fr\/wp-json\/wp\/v2\/media\/1409"}],"wp:attachment":[{"href":"https:\/\/hannibal.ch\/fr\/wp-json\/wp\/v2\/media?parent=1381"}],"wp:term":[{"taxonomy":"designer","embeddable":true,"href":"https:\/\/hannibal.ch\/fr\/wp-json\/wp\/v2\/designer?post=1381"},{"taxonomy":"product_brand","embeddable":true,"href":"https:\/\/hannibal.ch\/fr\/wp-json\/wp\/v2\/product_brand?post=1381"},{"taxonomy":"product_cat","embeddable":true,"href":"https:\/\/hannibal.ch\/fr\/wp-json\/wp\/v2\/product_cat?post=1381"},{"taxonomy":"product_tag","embeddable":true,"href":"https:\/\/hannibal.ch\/fr\/wp-json\/wp\/v2\/product_tag?post=1381"}],"curies":[{"name":"wp","href":"https:\/\/api.w.org\/{rel}","templated":true}]}}