{"id":1384,"date":"2025-11-30T13:57:37","date_gmt":"2025-11-30T11:57:37","guid":{"rendered":"https:\/\/hannibal.ch\/?post_type=product&#038;p=1384"},"modified":"2026-03-20T16:23:32","modified_gmt":"2026-03-20T14:23:32","slug":"sessel-1090","status":"publish","type":"product","link":"https:\/\/hannibal.ch\/fr\/produkt\/sessel-1090\/","title":{"rendered":"Fauteuil \u00ab1090\u00bb"},"content":{"rendered":"<p>Un fauteuil Marcel Breuer \u00ab1090\u00bb en bon \u00e9tat dans la version rare avec lattes en bois. Le pi\u00e8tement se pr\u00e9sente dans une belle teinte grise et est dans l'ensemble en excellent \u00e9tat. Cette variante n'est plus produite par Embru depuis longtemps, ce qui la rend particuli\u00e8rement d\u00e9sirable.<\/p>","protected":false},"excerpt":{"rendered":"<p>Un fauteuil Marcel Breuer \u00ab1090\u00bb en bon \u00e9tat dans la version rare avec lattes en bois. Le pi\u00e8tement se pr\u00e9sente dans une belle teinte grise et est dans l'ensemble en excellent \u00e9tat. Cette variante n'est plus produite par Embru depuis longtemps, ce qui la rend particuli\u00e8rement d\u00e9sirable.<\/p>","protected":false},"featured_media":1386,"comment_status":"closed","ping_status":"closed","template":"","meta":{"_acf_changed":false},"designer":[179],"product_brand":[178],"product_cat":[24,29],"product_tag":[],"class_list":{"0":"post-1384","1":"product","2":"type-product","3":"status-publish","4":"has-post-thumbnail","6":"designer-marcel-breuer","7":"product_brand-wohnbedarf","8":"product_cat-moebel","9":"product_cat-sessel","11":"first","12":"outofstock","13":"shipping-taxable","14":"purchasable","15":"product-type-simple"},"acf":[],"_links":{"self":[{"href":"https:\/\/hannibal.ch\/fr\/wp-json\/wp\/v2\/product\/1384","targetHints":{"allow":["GET"]}}],"collection":[{"href":"https:\/\/hannibal.ch\/fr\/wp-json\/wp\/v2\/product"}],"about":[{"href":"https:\/\/hannibal.ch\/fr\/wp-json\/wp\/v2\/types\/product"}],"replies":[{"embeddable":true,"href":"https:\/\/hannibal.ch\/fr\/wp-json\/wp\/v2\/comments?post=1384"}],"wp:featuredmedia":[{"embeddable":true,"href":"https:\/\/hannibal.ch\/fr\/wp-json\/wp\/v2\/media\/1386"}],"wp:attachment":[{"href":"https:\/\/hannibal.ch\/fr\/wp-json\/wp\/v2\/media?parent=1384"}],"wp:term":[{"taxonomy":"designer","embeddable":true,"href":"https:\/\/hannibal.ch\/fr\/wp-json\/wp\/v2\/designer?post=1384"},{"taxonomy":"product_brand","embeddable":true,"href":"https:\/\/hannibal.ch\/fr\/wp-json\/wp\/v2\/product_brand?post=1384"},{"taxonomy":"product_cat","embeddable":true,"href":"https:\/\/hannibal.ch\/fr\/wp-json\/wp\/v2\/product_cat?post=1384"},{"taxonomy":"product_tag","embeddable":true,"href":"https:\/\/hannibal.ch\/fr\/wp-json\/wp\/v2\/product_tag?post=1384"}],"curies":[{"name":"wp","href":"https:\/\/api.w.org\/{rel}","templated":true}]}}