{"id":1387,"date":"2025-11-30T14:06:16","date_gmt":"2025-11-30T12:06:16","guid":{"rendered":"https:\/\/hannibal.ch\/?post_type=product&#038;p=1387"},"modified":"2025-11-30T14:06:16","modified_gmt":"2025-11-30T12:06:16","slug":"s-43-freischwinger","status":"publish","type":"product","link":"https:\/\/hannibal.ch\/fr\/produkt\/s-43-freischwinger\/","title":{"rendered":"S 43 Pi\u00e9tement luge"},"content":{"rendered":"<p>Pi\u00e9tement luge vintage mod\u00e8le S43 de Thonet, con\u00e7u par Mart Stam. Version avec structure en tube d'acier chrom\u00e9 et assise, dossier et accoudoirs en bois. Caract\u00e9ristiques de construction typiques du mod\u00e8le : structure claire et fonctionnelle et structure de cadre en porte-\u00e0-faux. La chaise provient d'une production ant\u00e9rieure et se trouve en bon \u00e9tat d'usage. La particularit\u00e9 de cet ancien mod\u00e8le est sa base plus longue. 3 pi\u00e8ces disponibles.<\/p>","protected":false},"excerpt":{"rendered":"<p>Vintage-Freischwinger Modell S43 von Thonet, entworfen von Mart Stam. Ausf\u00fchrung mit verchromtem Stahlrohrgestell sowie Sitz, R\u00fcckenlehne und Armauflagen aus Holz. Typische konstruktive Merkmale des Modells: klarer, funktionaler Aufbau und freischwingende Rahmenstruktur. Der Stuhl stammt aus fr\u00fcherer Produktion und befindet sich in gut erhaltenem, gebrauchtem Zustand. Speziell bei diesem alten Modell ist die l\u00e4ngere Basis. 3 [&hellip;]<\/p>\n","protected":false},"featured_media":1389,"comment_status":"closed","ping_status":"closed","template":"","meta":{"_acf_changed":false},"designer":[80],"product_brand":[79],"product_cat":[24,31],"product_tag":[],"class_list":{"0":"post-1387","1":"product","2":"type-product","3":"status-publish","4":"has-post-thumbnail","6":"designer-mart-stam","7":"product_brand-thonet","8":"product_cat-moebel","9":"product_cat-stuehle","11":"first","12":"instock","13":"shipping-taxable","14":"product-type-simple"},"acf":[],"_links":{"self":[{"href":"https:\/\/hannibal.ch\/fr\/wp-json\/wp\/v2\/product\/1387","targetHints":{"allow":["GET"]}}],"collection":[{"href":"https:\/\/hannibal.ch\/fr\/wp-json\/wp\/v2\/product"}],"about":[{"href":"https:\/\/hannibal.ch\/fr\/wp-json\/wp\/v2\/types\/product"}],"replies":[{"embeddable":true,"href":"https:\/\/hannibal.ch\/fr\/wp-json\/wp\/v2\/comments?post=1387"}],"wp:featuredmedia":[{"embeddable":true,"href":"https:\/\/hannibal.ch\/fr\/wp-json\/wp\/v2\/media\/1389"}],"wp:attachment":[{"href":"https:\/\/hannibal.ch\/fr\/wp-json\/wp\/v2\/media?parent=1387"}],"wp:term":[{"taxonomy":"designer","embeddable":true,"href":"https:\/\/hannibal.ch\/fr\/wp-json\/wp\/v2\/designer?post=1387"},{"taxonomy":"product_brand","embeddable":true,"href":"https:\/\/hannibal.ch\/fr\/wp-json\/wp\/v2\/product_brand?post=1387"},{"taxonomy":"product_cat","embeddable":true,"href":"https:\/\/hannibal.ch\/fr\/wp-json\/wp\/v2\/product_cat?post=1387"},{"taxonomy":"product_tag","embeddable":true,"href":"https:\/\/hannibal.ch\/fr\/wp-json\/wp\/v2\/product_tag?post=1387"}],"curies":[{"name":"wp","href":"https:\/\/api.w.org\/{rel}","templated":true}]}}