{"id":387,"date":"2025-07-30T16:06:17","date_gmt":"2025-07-30T14:06:17","guid":{"rendered":"http:\/\/localhost:10023\/?post_type=product&#038;p=387"},"modified":"2025-09-11T15:24:24","modified_gmt":"2025-09-11T13:24:24","slug":"panton-chair","status":"publish","type":"product","link":"https:\/\/hannibal.ch\/fr\/produkt\/panton-chair\/","title":{"rendered":"Chaise Panton"},"content":{"rendered":"<p>Chaise de Verner Panton, disponible en rouge, blanc et orange. Original de l'\u00e9poque de Herman Miller, premi\u00e8re g\u00e9n\u00e9ration.<\/p>","protected":false},"excerpt":{"rendered":"<p>Chaise de Verner Panton, disponible en rouge, blanc et orange. Original de l'\u00e9poque de Herman Miller, premi\u00e8re g\u00e9n\u00e9ration.<\/p>","protected":false},"featured_media":390,"comment_status":"closed","ping_status":"closed","template":"","meta":{"_acf_changed":false},"designer":[54],"product_brand":[22],"product_cat":[24,31],"product_tag":[],"class_list":{"0":"post-387","1":"product","2":"type-product","3":"status-publish","4":"has-post-thumbnail","6":"designer-verner-panton","7":"product_brand-herman-miller","8":"product_cat-moebel","9":"product_cat-stuehle","11":"first","12":"instock","13":"shipping-taxable","14":"purchasable","15":"product-type-simple"},"acf":[],"_links":{"self":[{"href":"https:\/\/hannibal.ch\/fr\/wp-json\/wp\/v2\/product\/387","targetHints":{"allow":["GET"]}}],"collection":[{"href":"https:\/\/hannibal.ch\/fr\/wp-json\/wp\/v2\/product"}],"about":[{"href":"https:\/\/hannibal.ch\/fr\/wp-json\/wp\/v2\/types\/product"}],"replies":[{"embeddable":true,"href":"https:\/\/hannibal.ch\/fr\/wp-json\/wp\/v2\/comments?post=387"}],"wp:featuredmedia":[{"embeddable":true,"href":"https:\/\/hannibal.ch\/fr\/wp-json\/wp\/v2\/media\/390"}],"wp:attachment":[{"href":"https:\/\/hannibal.ch\/fr\/wp-json\/wp\/v2\/media?parent=387"}],"wp:term":[{"taxonomy":"designer","embeddable":true,"href":"https:\/\/hannibal.ch\/fr\/wp-json\/wp\/v2\/designer?post=387"},{"taxonomy":"product_brand","embeddable":true,"href":"https:\/\/hannibal.ch\/fr\/wp-json\/wp\/v2\/product_brand?post=387"},{"taxonomy":"product_cat","embeddable":true,"href":"https:\/\/hannibal.ch\/fr\/wp-json\/wp\/v2\/product_cat?post=387"},{"taxonomy":"product_tag","embeddable":true,"href":"https:\/\/hannibal.ch\/fr\/wp-json\/wp\/v2\/product_tag?post=387"}],"curies":[{"name":"wp","href":"https:\/\/api.w.org\/{rel}","templated":true}]}}