{"id":395,"date":"2025-07-30T16:13:13","date_gmt":"2025-07-30T14:13:13","guid":{"rendered":"http:\/\/localhost:10023\/?post_type=product&#038;p=395"},"modified":"2025-09-01T16:03:11","modified_gmt":"2025-09-01T14:03:11","slug":"eames-softpad-buerostuhl","status":"publish","type":"product","link":"https:\/\/hannibal.ch\/fr\/produkt\/eames-softpad-buerostuhl\/","title":{"rendered":"Chaise de bureau Eames Softpad"},"content":{"rendered":"<p>Enti\u00e8rement fonctionnel et en bon \u00e9tat, seule l'assise est un peu us\u00e9e.<\/p>","protected":false},"excerpt":{"rendered":"<p>Enti\u00e8rement fonctionnel et en bon \u00e9tat, seule l'assise est un peu us\u00e9e.<\/p>","protected":false},"featured_media":396,"comment_status":"closed","ping_status":"closed","template":"","meta":{"_acf_changed":false},"designer":[23],"product_brand":[22],"product_cat":[24,31],"product_tag":[],"class_list":{"0":"post-395","1":"product","2":"type-product","3":"status-publish","4":"has-post-thumbnail","6":"designer-charles-ray-eames","7":"product_brand-herman-miller","8":"product_cat-moebel","9":"product_cat-stuehle","11":"first","12":"instock","13":"shipping-taxable","14":"purchasable","15":"product-type-simple"},"acf":[],"_links":{"self":[{"href":"https:\/\/hannibal.ch\/fr\/wp-json\/wp\/v2\/product\/395","targetHints":{"allow":["GET"]}}],"collection":[{"href":"https:\/\/hannibal.ch\/fr\/wp-json\/wp\/v2\/product"}],"about":[{"href":"https:\/\/hannibal.ch\/fr\/wp-json\/wp\/v2\/types\/product"}],"replies":[{"embeddable":true,"href":"https:\/\/hannibal.ch\/fr\/wp-json\/wp\/v2\/comments?post=395"}],"wp:featuredmedia":[{"embeddable":true,"href":"https:\/\/hannibal.ch\/fr\/wp-json\/wp\/v2\/media\/396"}],"wp:attachment":[{"href":"https:\/\/hannibal.ch\/fr\/wp-json\/wp\/v2\/media?parent=395"}],"wp:term":[{"taxonomy":"designer","embeddable":true,"href":"https:\/\/hannibal.ch\/fr\/wp-json\/wp\/v2\/designer?post=395"},{"taxonomy":"product_brand","embeddable":true,"href":"https:\/\/hannibal.ch\/fr\/wp-json\/wp\/v2\/product_brand?post=395"},{"taxonomy":"product_cat","embeddable":true,"href":"https:\/\/hannibal.ch\/fr\/wp-json\/wp\/v2\/product_cat?post=395"},{"taxonomy":"product_tag","embeddable":true,"href":"https:\/\/hannibal.ch\/fr\/wp-json\/wp\/v2\/product_tag?post=395"}],"curies":[{"name":"wp","href":"https:\/\/api.w.org\/{rel}","templated":true}]}}