{"id":400,"date":"2025-01-30T16:20:48","date_gmt":"2025-01-30T14:20:48","guid":{"rendered":"http:\/\/localhost:10023\/?post_type=product&#038;p=400"},"modified":"2025-11-30T12:21:42","modified_gmt":"2025-11-30T10:21:42","slug":"kreuzzargen-stuhl","status":"publish","type":"product","link":"https:\/\/hannibal.ch\/fr\/produkt\/kreuzzargen-stuhl\/","title":{"rendered":"Chaise \u00e0 ch\u00e2ssis crois\u00e9s"},"content":{"rendered":"<p>Chaise \u00e0 cadre crois\u00e9 de Max Bill en \u00e9tat neuf. 2. pi\u00e8ce disponible<\/p>","protected":false},"excerpt":{"rendered":"<p>Chaise \u00e0 cadre crois\u00e9 de Max Bill en \u00e9tat neuf. 2. pi\u00e8ce disponible<\/p>","protected":false},"featured_media":401,"comment_status":"closed","ping_status":"closed","template":"","meta":{"_acf_changed":false},"designer":[36],"product_brand":[55],"product_cat":[24,31],"product_tag":[],"class_list":{"0":"post-400","1":"product","2":"type-product","3":"status-publish","4":"has-post-thumbnail","6":"designer-max-bill","7":"product_brand-wb-form","8":"product_cat-moebel","9":"product_cat-stuehle","11":"first","12":"outofstock","13":"sale","14":"shipping-taxable","15":"purchasable","16":"product-type-simple"},"acf":[],"_links":{"self":[{"href":"https:\/\/hannibal.ch\/fr\/wp-json\/wp\/v2\/product\/400","targetHints":{"allow":["GET"]}}],"collection":[{"href":"https:\/\/hannibal.ch\/fr\/wp-json\/wp\/v2\/product"}],"about":[{"href":"https:\/\/hannibal.ch\/fr\/wp-json\/wp\/v2\/types\/product"}],"replies":[{"embeddable":true,"href":"https:\/\/hannibal.ch\/fr\/wp-json\/wp\/v2\/comments?post=400"}],"wp:featuredmedia":[{"embeddable":true,"href":"https:\/\/hannibal.ch\/fr\/wp-json\/wp\/v2\/media\/401"}],"wp:attachment":[{"href":"https:\/\/hannibal.ch\/fr\/wp-json\/wp\/v2\/media?parent=400"}],"wp:term":[{"taxonomy":"designer","embeddable":true,"href":"https:\/\/hannibal.ch\/fr\/wp-json\/wp\/v2\/designer?post=400"},{"taxonomy":"product_brand","embeddable":true,"href":"https:\/\/hannibal.ch\/fr\/wp-json\/wp\/v2\/product_brand?post=400"},{"taxonomy":"product_cat","embeddable":true,"href":"https:\/\/hannibal.ch\/fr\/wp-json\/wp\/v2\/product_cat?post=400"},{"taxonomy":"product_tag","embeddable":true,"href":"https:\/\/hannibal.ch\/fr\/wp-json\/wp\/v2\/product_tag?post=400"}],"curies":[{"name":"wp","href":"https:\/\/api.w.org\/{rel}","templated":true}]}}