{"id":413,"date":"2025-07-30T16:38:01","date_gmt":"2025-07-30T14:38:01","guid":{"rendered":"http:\/\/localhost:10023\/?post_type=product&#038;p=413"},"modified":"2025-09-01T16:03:11","modified_gmt":"2025-09-01T14:03:11","slug":"aluminium-chair-ea-108","status":"publish","type":"product","link":"https:\/\/hannibal.ch\/fr\/produkt\/aluminium-chair-ea-108\/","title":{"rendered":"Chaise en aluminium EA 108"},"content":{"rendered":"<p>La c\u00e9l\u00e8bre chaise en aluminium de Eames, fabriqu\u00e9e par Herman Miller. 6 pcs Disponible, le set 6000.-<\/p>","protected":false},"excerpt":{"rendered":"<p>La c\u00e9l\u00e8bre chaise en aluminium de Eames, fabriqu\u00e9e par Herman Miller. 6 pcs Disponible, le set 6000.-<\/p>","protected":false},"featured_media":414,"comment_status":"closed","ping_status":"closed","template":"","meta":{"_acf_changed":false},"designer":[23],"product_brand":[22],"product_cat":[24,31],"product_tag":[],"class_list":{"0":"post-413","1":"product","2":"type-product","3":"status-publish","4":"has-post-thumbnail","6":"designer-charles-ray-eames","7":"product_brand-herman-miller","8":"product_cat-moebel","9":"product_cat-stuehle","11":"first","12":"instock","13":"sale","14":"shipping-taxable","15":"purchasable","16":"product-type-simple"},"acf":[],"_links":{"self":[{"href":"https:\/\/hannibal.ch\/fr\/wp-json\/wp\/v2\/product\/413","targetHints":{"allow":["GET"]}}],"collection":[{"href":"https:\/\/hannibal.ch\/fr\/wp-json\/wp\/v2\/product"}],"about":[{"href":"https:\/\/hannibal.ch\/fr\/wp-json\/wp\/v2\/types\/product"}],"replies":[{"embeddable":true,"href":"https:\/\/hannibal.ch\/fr\/wp-json\/wp\/v2\/comments?post=413"}],"wp:featuredmedia":[{"embeddable":true,"href":"https:\/\/hannibal.ch\/fr\/wp-json\/wp\/v2\/media\/414"}],"wp:attachment":[{"href":"https:\/\/hannibal.ch\/fr\/wp-json\/wp\/v2\/media?parent=413"}],"wp:term":[{"taxonomy":"designer","embeddable":true,"href":"https:\/\/hannibal.ch\/fr\/wp-json\/wp\/v2\/designer?post=413"},{"taxonomy":"product_brand","embeddable":true,"href":"https:\/\/hannibal.ch\/fr\/wp-json\/wp\/v2\/product_brand?post=413"},{"taxonomy":"product_cat","embeddable":true,"href":"https:\/\/hannibal.ch\/fr\/wp-json\/wp\/v2\/product_cat?post=413"},{"taxonomy":"product_tag","embeddable":true,"href":"https:\/\/hannibal.ch\/fr\/wp-json\/wp\/v2\/product_tag?post=413"}],"curies":[{"name":"wp","href":"https:\/\/api.w.org\/{rel}","templated":true}]}}