{"id":439,"date":"2025-05-30T17:38:31","date_gmt":"2025-05-30T15:38:31","guid":{"rendered":"http:\/\/localhost:10023\/?post_type=product&#038;p=439"},"modified":"2025-10-31T12:02:24","modified_gmt":"2025-10-31T10:02:24","slug":"oscar-chair","status":"publish","type":"product","link":"https:\/\/hannibal.ch\/fr\/produkt\/oscar-chair\/","title":{"rendered":"Oscar Chair"},"content":{"rendered":"<p>Oscar Chair de Sergio Rodrigues. Le fauteuil a \u00e9t\u00e9 con\u00e7u \u00e0 l'origine pour le Jockey Club de S\u00e3o Paulo. Ses lignes courbes rappellent les b\u00e2timents iconiques de Bras\u00edlia. Nomm\u00e9 d'apr\u00e8s le l\u00e9gendaire architecte br\u00e9silien Oscar Niemeyer. \u00c9tat \u00c9tat neuf. Prix neuf 7000.-<\/p>","protected":false},"excerpt":{"rendered":"<p>Oscar Chair de Sergio Rodrigues. Le fauteuil a \u00e9t\u00e9 con\u00e7u \u00e0 l'origine pour le Jockey Club de S\u00e3o Paulo. Ses lignes courbes rappellent les b\u00e2timents iconiques de Bras\u00edlia. Nomm\u00e9 d'apr\u00e8s le l\u00e9gendaire architecte br\u00e9silien Oscar Niemeyer. \u00c9tat \u00c9tat neuf. Prix neuf 7000.-<\/p>","protected":false},"featured_media":974,"comment_status":"closed","ping_status":"closed","template":"","meta":{"_acf_changed":false},"designer":[66],"product_brand":[],"product_cat":[24,31],"product_tag":[],"class_list":{"0":"post-439","1":"product","2":"type-product","3":"status-publish","4":"has-post-thumbnail","6":"designer-sergio-rodrigues","7":"product_cat-moebel","8":"product_cat-stuehle","10":"first","11":"instock","12":"sale","13":"shipping-taxable","14":"purchasable","15":"product-type-simple"},"acf":[],"_links":{"self":[{"href":"https:\/\/hannibal.ch\/fr\/wp-json\/wp\/v2\/product\/439","targetHints":{"allow":["GET"]}}],"collection":[{"href":"https:\/\/hannibal.ch\/fr\/wp-json\/wp\/v2\/product"}],"about":[{"href":"https:\/\/hannibal.ch\/fr\/wp-json\/wp\/v2\/types\/product"}],"replies":[{"embeddable":true,"href":"https:\/\/hannibal.ch\/fr\/wp-json\/wp\/v2\/comments?post=439"}],"wp:featuredmedia":[{"embeddable":true,"href":"https:\/\/hannibal.ch\/fr\/wp-json\/wp\/v2\/media\/974"}],"wp:attachment":[{"href":"https:\/\/hannibal.ch\/fr\/wp-json\/wp\/v2\/media?parent=439"}],"wp:term":[{"taxonomy":"designer","embeddable":true,"href":"https:\/\/hannibal.ch\/fr\/wp-json\/wp\/v2\/designer?post=439"},{"taxonomy":"product_brand","embeddable":true,"href":"https:\/\/hannibal.ch\/fr\/wp-json\/wp\/v2\/product_brand?post=439"},{"taxonomy":"product_cat","embeddable":true,"href":"https:\/\/hannibal.ch\/fr\/wp-json\/wp\/v2\/product_cat?post=439"},{"taxonomy":"product_tag","embeddable":true,"href":"https:\/\/hannibal.ch\/fr\/wp-json\/wp\/v2\/product_tag?post=439"}],"curies":[{"name":"wp","href":"https:\/\/api.w.org\/{rel}","templated":true}]}}