{"id":467,"date":"2025-07-30T20:54:20","date_gmt":"2025-07-30T18:54:20","guid":{"rendered":"http:\/\/localhost:10023\/?post_type=product&#038;p=467"},"modified":"2025-11-30T12:23:02","modified_gmt":"2025-11-30T10:23:02","slug":"ausziehbarer-esstisch","status":"publish","type":"product","link":"https:\/\/hannibal.ch\/fr\/produkt\/ausziehbarer-esstisch\/","title":{"rendered":"Table de salle \u00e0 manger extensible"},"content":{"rendered":"<p>Table de salle \u00e0 manger extensible en noyer de Willy Guhl, ann\u00e9es 1950. Hauteur 73 cm. Une fois \u00e9tendue, la table mesure 225 \u00d7 85 cm. Les rallonges peuvent \u00eatre allong\u00e9es individuellement sans que le plateau central ne s'abaisse. Fabriqu\u00e9 par Dietiker \u00e0 Stein am Rhein.<\/p>","protected":false},"excerpt":{"rendered":"<p>Table de salle \u00e0 manger extensible en noyer de Willy Guhl, ann\u00e9es 1950. Hauteur 73 cm. Une fois \u00e9tendue, la table mesure 225 \u00d7 85 cm. Les rallonges peuvent \u00eatre allong\u00e9es individuellement sans que le plateau central ne s'abaisse. Fabriqu\u00e9 par Dietiker \u00e0 Stein am Rhein.<\/p>","protected":false},"featured_media":465,"comment_status":"closed","ping_status":"closed","template":"","meta":{"_acf_changed":false},"designer":[34],"product_brand":[75],"product_cat":[24,21],"product_tag":[],"class_list":{"0":"post-467","1":"product","2":"type-product","3":"status-publish","4":"has-post-thumbnail","6":"designer-willy-guhl","7":"product_brand-dietiker","8":"product_cat-moebel","9":"product_cat-tische","11":"first","12":"instock","13":"shipping-taxable","14":"purchasable","15":"product-type-simple"},"acf":[],"_links":{"self":[{"href":"https:\/\/hannibal.ch\/fr\/wp-json\/wp\/v2\/product\/467","targetHints":{"allow":["GET"]}}],"collection":[{"href":"https:\/\/hannibal.ch\/fr\/wp-json\/wp\/v2\/product"}],"about":[{"href":"https:\/\/hannibal.ch\/fr\/wp-json\/wp\/v2\/types\/product"}],"replies":[{"embeddable":true,"href":"https:\/\/hannibal.ch\/fr\/wp-json\/wp\/v2\/comments?post=467"}],"wp:featuredmedia":[{"embeddable":true,"href":"https:\/\/hannibal.ch\/fr\/wp-json\/wp\/v2\/media\/465"}],"wp:attachment":[{"href":"https:\/\/hannibal.ch\/fr\/wp-json\/wp\/v2\/media?parent=467"}],"wp:term":[{"taxonomy":"designer","embeddable":true,"href":"https:\/\/hannibal.ch\/fr\/wp-json\/wp\/v2\/designer?post=467"},{"taxonomy":"product_brand","embeddable":true,"href":"https:\/\/hannibal.ch\/fr\/wp-json\/wp\/v2\/product_brand?post=467"},{"taxonomy":"product_cat","embeddable":true,"href":"https:\/\/hannibal.ch\/fr\/wp-json\/wp\/v2\/product_cat?post=467"},{"taxonomy":"product_tag","embeddable":true,"href":"https:\/\/hannibal.ch\/fr\/wp-json\/wp\/v2\/product_tag?post=467"}],"curies":[{"name":"wp","href":"https:\/\/api.w.org\/{rel}","templated":true}]}}