{"id":622,"date":"2025-08-04T17:21:25","date_gmt":"2025-08-04T15:21:25","guid":{"rendered":"https:\/\/hannibal.ch\/?post_type=product&#038;p=622"},"modified":"2025-09-01T16:03:11","modified_gmt":"2025-09-01T14:03:11","slug":"bofinger-stuhl-ba-1171","status":"publish","type":"product","link":"https:\/\/hannibal.ch\/fr\/produkt\/bofinger-stuhl-ba-1171\/","title":{"rendered":"Bofinger Chaise BA 1171"},"content":{"rendered":"<p>La chaise Bofinger, \u00e9galement connue sous le nom de BA 1171, a \u00e9t\u00e9 con\u00e7ue en 1964 par l'architecte et designer Helmut B\u00e4tzner. 3pcs Disponible.<\/p>","protected":false},"excerpt":{"rendered":"<p>La chaise Bofinger, \u00e9galement connue sous le nom de BA 1171, a \u00e9t\u00e9 con\u00e7ue en 1964 par l'architecte et designer Helmut B\u00e4tzner. 3pcs Disponible.<\/p>","protected":false},"featured_media":625,"comment_status":"closed","ping_status":"closed","template":"","meta":{"_acf_changed":false},"designer":[87],"product_brand":[135],"product_cat":[24,31],"product_tag":[],"class_list":{"0":"post-622","1":"product","2":"type-product","3":"status-publish","4":"has-post-thumbnail","6":"designer-helmut-baetzner","7":"product_brand-bofinger-germany","8":"product_cat-moebel","9":"product_cat-stuehle","11":"first","12":"instock","13":"shipping-taxable","14":"purchasable","15":"product-type-simple"},"acf":[],"_links":{"self":[{"href":"https:\/\/hannibal.ch\/fr\/wp-json\/wp\/v2\/product\/622","targetHints":{"allow":["GET"]}}],"collection":[{"href":"https:\/\/hannibal.ch\/fr\/wp-json\/wp\/v2\/product"}],"about":[{"href":"https:\/\/hannibal.ch\/fr\/wp-json\/wp\/v2\/types\/product"}],"replies":[{"embeddable":true,"href":"https:\/\/hannibal.ch\/fr\/wp-json\/wp\/v2\/comments?post=622"}],"wp:featuredmedia":[{"embeddable":true,"href":"https:\/\/hannibal.ch\/fr\/wp-json\/wp\/v2\/media\/625"}],"wp:attachment":[{"href":"https:\/\/hannibal.ch\/fr\/wp-json\/wp\/v2\/media?parent=622"}],"wp:term":[{"taxonomy":"designer","embeddable":true,"href":"https:\/\/hannibal.ch\/fr\/wp-json\/wp\/v2\/designer?post=622"},{"taxonomy":"product_brand","embeddable":true,"href":"https:\/\/hannibal.ch\/fr\/wp-json\/wp\/v2\/product_brand?post=622"},{"taxonomy":"product_cat","embeddable":true,"href":"https:\/\/hannibal.ch\/fr\/wp-json\/wp\/v2\/product_cat?post=622"},{"taxonomy":"product_tag","embeddable":true,"href":"https:\/\/hannibal.ch\/fr\/wp-json\/wp\/v2\/product_tag?post=622"}],"curies":[{"name":"wp","href":"https:\/\/api.w.org\/{rel}","templated":true}]}}