{"id":811,"date":"2025-08-14T13:10:51","date_gmt":"2025-08-14T11:10:51","guid":{"rendered":"https:\/\/hannibal.ch\/?post_type=product&#038;p=811"},"modified":"2025-09-01T16:03:11","modified_gmt":"2025-09-01T14:03:11","slug":"georg-fischer-kochtoepfe-und-braeter","status":"publish","type":"product","link":"https:\/\/hannibal.ch\/fr\/produkt\/georg-fischer-kochtoepfe-und-braeter\/","title":{"rendered":"Georg Fischer Casseroles et po\u00eales"},"content":{"rendered":"<p>Georg Fischer Casseroles et po\u00eales de diff\u00e9rentes formes et tailles.<\/p>","protected":false},"excerpt":{"rendered":"<p>Georg Fischer Casseroles et po\u00eales de diff\u00e9rentes formes et tailles.<\/p>","protected":false},"featured_media":1088,"comment_status":"closed","ping_status":"closed","template":"","meta":{"_acf_changed":false},"designer":[],"product_brand":[98],"product_cat":[25,61],"product_tag":[],"class_list":{"0":"post-811","1":"product","2":"type-product","3":"status-publish","4":"has-post-thumbnail","6":"product_brand-georg-fischer","7":"product_cat-objekte","8":"product_cat-kochtoepfe","10":"first","11":"instock","12":"shipping-taxable","13":"purchasable","14":"product-type-simple"},"acf":[],"_links":{"self":[{"href":"https:\/\/hannibal.ch\/fr\/wp-json\/wp\/v2\/product\/811","targetHints":{"allow":["GET"]}}],"collection":[{"href":"https:\/\/hannibal.ch\/fr\/wp-json\/wp\/v2\/product"}],"about":[{"href":"https:\/\/hannibal.ch\/fr\/wp-json\/wp\/v2\/types\/product"}],"replies":[{"embeddable":true,"href":"https:\/\/hannibal.ch\/fr\/wp-json\/wp\/v2\/comments?post=811"}],"wp:featuredmedia":[{"embeddable":true,"href":"https:\/\/hannibal.ch\/fr\/wp-json\/wp\/v2\/media\/1088"}],"wp:attachment":[{"href":"https:\/\/hannibal.ch\/fr\/wp-json\/wp\/v2\/media?parent=811"}],"wp:term":[{"taxonomy":"designer","embeddable":true,"href":"https:\/\/hannibal.ch\/fr\/wp-json\/wp\/v2\/designer?post=811"},{"taxonomy":"product_brand","embeddable":true,"href":"https:\/\/hannibal.ch\/fr\/wp-json\/wp\/v2\/product_brand?post=811"},{"taxonomy":"product_cat","embeddable":true,"href":"https:\/\/hannibal.ch\/fr\/wp-json\/wp\/v2\/product_cat?post=811"},{"taxonomy":"product_tag","embeddable":true,"href":"https:\/\/hannibal.ch\/fr\/wp-json\/wp\/v2\/product_tag?post=811"}],"curies":[{"name":"wp","href":"https:\/\/api.w.org\/{rel}","templated":true}]}}