{"id":840,"date":"2025-08-17T15:49:30","date_gmt":"2025-08-17T13:49:30","guid":{"rendered":"https:\/\/hannibal.ch\/?post_type=product&#038;p=840"},"modified":"2025-09-01T16:03:11","modified_gmt":"2025-09-01T14:03:11","slug":"componibili-servierwagen-modell-4970","status":"publish","type":"product","link":"https:\/\/hannibal.ch\/fr\/produkt\/componibili-servierwagen-modell-4970\/","title":{"rendered":"Componibili Chariot de service mod\u00e8le 4970"},"content":{"rendered":"<p>Componibili Square Chariot de service d'Anna Castelli pour Kartell - Italie, ann\u00e9es 1960, mod\u00e8le 4970<\/p>\n<p>L'embl\u00e9matique table d'appoint, chariot de service et meuble de rangement Componibili a \u00e9t\u00e9 con\u00e7u en 1967 par Anna Castelli pour Kartell, Italie. Cette version modulaire carr\u00e9e est un des premiers mod\u00e8les de la fin des ann\u00e9es 1960. Elle dispose de deux parties ouvertes et d'un plateau sur quatre roulettes pivotantes d'origine. Marqu\u00e9 en dessous. <\/p>","protected":false},"excerpt":{"rendered":"<p>Componibili Square Servierwagen von Anna Castelli f\u00fcr Kartell \u2013 Italien, 1960er Jahre, Modell 4970 Der ikonische Componibili Beistelltisch, Servierwagen und Aufbewahrungsm\u00f6bel wurde 1967 von Anna Castelli f\u00fcr Kartell, Italien, entworfen. Diese quadratische modulare Version ist ein fr\u00fches Modell aus den sp\u00e4ten 1960er Jahren. Es verf\u00fcgt \u00fcber zwei offene Teile und eine Platte auf vier originalen [&hellip;]<\/p>\n","protected":false},"featured_media":841,"comment_status":"closed","ping_status":"closed","template":"","meta":{"_acf_changed":false},"designer":[104],"product_brand":[59],"product_cat":[24,47],"product_tag":[],"class_list":{"0":"post-840","1":"product","2":"type-product","3":"status-publish","4":"has-post-thumbnail","6":"designer-anna-castelli","7":"product_brand-kartell","8":"product_cat-moebel","9":"product_cat-rollcontainer","11":"first","12":"instock","13":"shipping-taxable","14":"purchasable","15":"product-type-simple"},"acf":[],"_links":{"self":[{"href":"https:\/\/hannibal.ch\/fr\/wp-json\/wp\/v2\/product\/840","targetHints":{"allow":["GET"]}}],"collection":[{"href":"https:\/\/hannibal.ch\/fr\/wp-json\/wp\/v2\/product"}],"about":[{"href":"https:\/\/hannibal.ch\/fr\/wp-json\/wp\/v2\/types\/product"}],"replies":[{"embeddable":true,"href":"https:\/\/hannibal.ch\/fr\/wp-json\/wp\/v2\/comments?post=840"}],"wp:featuredmedia":[{"embeddable":true,"href":"https:\/\/hannibal.ch\/fr\/wp-json\/wp\/v2\/media\/841"}],"wp:attachment":[{"href":"https:\/\/hannibal.ch\/fr\/wp-json\/wp\/v2\/media?parent=840"}],"wp:term":[{"taxonomy":"designer","embeddable":true,"href":"https:\/\/hannibal.ch\/fr\/wp-json\/wp\/v2\/designer?post=840"},{"taxonomy":"product_brand","embeddable":true,"href":"https:\/\/hannibal.ch\/fr\/wp-json\/wp\/v2\/product_brand?post=840"},{"taxonomy":"product_cat","embeddable":true,"href":"https:\/\/hannibal.ch\/fr\/wp-json\/wp\/v2\/product_cat?post=840"},{"taxonomy":"product_tag","embeddable":true,"href":"https:\/\/hannibal.ch\/fr\/wp-json\/wp\/v2\/product_tag?post=840"}],"curies":[{"name":"wp","href":"https:\/\/api.w.org\/{rel}","templated":true}]}}