{"id":869,"date":"2025-08-17T23:36:17","date_gmt":"2025-08-17T21:36:17","guid":{"rendered":"https:\/\/hannibal.ch\/?post_type=product&#038;p=869"},"modified":"2025-12-15T15:01:14","modified_gmt":"2025-12-15T13:01:14","slug":"best-15-fernseher","status":"publish","type":"product","link":"https:\/\/hannibal.ch\/fr\/produkt\/best-15-fernseher\/","title":{"rendered":"Best 15 T\u00e9l\u00e9viseurs"},"content":{"rendered":"<p>Le Brionvega TVC 15 a \u00e9t\u00e9 con\u00e7u par Mario Bellini dans les ann\u00e9es 1970.<\/p>","protected":false},"excerpt":{"rendered":"<p>Le Brionvega TVC 15 a \u00e9t\u00e9 con\u00e7u par Mario Bellini dans les ann\u00e9es 1970.<\/p>","protected":false},"featured_media":871,"comment_status":"closed","ping_status":"closed","template":"","meta":{"_acf_changed":false},"designer":[107],"product_brand":[92],"product_cat":[25,91],"product_tag":[],"class_list":{"0":"post-869","1":"product","2":"type-product","3":"status-publish","4":"has-post-thumbnail","6":"designer-mario-bellini","7":"product_brand-brionvega","8":"product_cat-objekte","9":"product_cat-audio-video","11":"first","12":"outofstock","13":"shipping-taxable","14":"purchasable","15":"product-type-simple"},"acf":[],"_links":{"self":[{"href":"https:\/\/hannibal.ch\/fr\/wp-json\/wp\/v2\/product\/869","targetHints":{"allow":["GET"]}}],"collection":[{"href":"https:\/\/hannibal.ch\/fr\/wp-json\/wp\/v2\/product"}],"about":[{"href":"https:\/\/hannibal.ch\/fr\/wp-json\/wp\/v2\/types\/product"}],"replies":[{"embeddable":true,"href":"https:\/\/hannibal.ch\/fr\/wp-json\/wp\/v2\/comments?post=869"}],"wp:featuredmedia":[{"embeddable":true,"href":"https:\/\/hannibal.ch\/fr\/wp-json\/wp\/v2\/media\/871"}],"wp:attachment":[{"href":"https:\/\/hannibal.ch\/fr\/wp-json\/wp\/v2\/media?parent=869"}],"wp:term":[{"taxonomy":"designer","embeddable":true,"href":"https:\/\/hannibal.ch\/fr\/wp-json\/wp\/v2\/designer?post=869"},{"taxonomy":"product_brand","embeddable":true,"href":"https:\/\/hannibal.ch\/fr\/wp-json\/wp\/v2\/product_brand?post=869"},{"taxonomy":"product_cat","embeddable":true,"href":"https:\/\/hannibal.ch\/fr\/wp-json\/wp\/v2\/product_cat?post=869"},{"taxonomy":"product_tag","embeddable":true,"href":"https:\/\/hannibal.ch\/fr\/wp-json\/wp\/v2\/product_tag?post=869"}],"curies":[{"name":"wp","href":"https:\/\/api.w.org\/{rel}","templated":true}]}}