{"id":899,"date":"2025-08-18T13:12:34","date_gmt":"2025-08-18T11:12:34","guid":{"rendered":"https:\/\/hannibal.ch\/?post_type=product&#038;p=899"},"modified":"2025-09-05T11:17:12","modified_gmt":"2025-09-05T09:17:12","slug":"bugholzstuhl-214","status":"publish","type":"product","link":"https:\/\/hannibal.ch\/fr\/produkt\/bugholzstuhl-214\/","title":{"rendered":"Chaise en bois courb\u00e9 214"},"content":{"rendered":"<p>Chaise de caf\u00e9 originale de Thonet, con\u00e7ue en 1859. 6 pi\u00e8ces disponibles.<\/p>","protected":false},"excerpt":{"rendered":"<p>Chaise de caf\u00e9 originale de Thonet, con\u00e7ue en 1859. 6 pi\u00e8ces disponibles.<\/p>","protected":false},"featured_media":901,"comment_status":"closed","ping_status":"closed","template":"","meta":{"_acf_changed":false},"designer":[111],"product_brand":[79],"product_cat":[24,31],"product_tag":[],"class_list":{"0":"post-899","1":"product","2":"type-product","3":"status-publish","4":"has-post-thumbnail","6":"designer-michael-thonet","7":"product_brand-thonet","8":"product_cat-moebel","9":"product_cat-stuehle","11":"first","12":"instock","13":"shipping-taxable","14":"purchasable","15":"product-type-simple"},"acf":[],"_links":{"self":[{"href":"https:\/\/hannibal.ch\/fr\/wp-json\/wp\/v2\/product\/899","targetHints":{"allow":["GET"]}}],"collection":[{"href":"https:\/\/hannibal.ch\/fr\/wp-json\/wp\/v2\/product"}],"about":[{"href":"https:\/\/hannibal.ch\/fr\/wp-json\/wp\/v2\/types\/product"}],"replies":[{"embeddable":true,"href":"https:\/\/hannibal.ch\/fr\/wp-json\/wp\/v2\/comments?post=899"}],"wp:featuredmedia":[{"embeddable":true,"href":"https:\/\/hannibal.ch\/fr\/wp-json\/wp\/v2\/media\/901"}],"wp:attachment":[{"href":"https:\/\/hannibal.ch\/fr\/wp-json\/wp\/v2\/media?parent=899"}],"wp:term":[{"taxonomy":"designer","embeddable":true,"href":"https:\/\/hannibal.ch\/fr\/wp-json\/wp\/v2\/designer?post=899"},{"taxonomy":"product_brand","embeddable":true,"href":"https:\/\/hannibal.ch\/fr\/wp-json\/wp\/v2\/product_brand?post=899"},{"taxonomy":"product_cat","embeddable":true,"href":"https:\/\/hannibal.ch\/fr\/wp-json\/wp\/v2\/product_cat?post=899"},{"taxonomy":"product_tag","embeddable":true,"href":"https:\/\/hannibal.ch\/fr\/wp-json\/wp\/v2\/product_tag?post=899"}],"curies":[{"name":"wp","href":"https:\/\/api.w.org\/{rel}","templated":true}]}}