{"id":979,"date":"2025-08-27T11:52:08","date_gmt":"2025-08-27T09:52:08","guid":{"rendered":"https:\/\/hannibal.ch\/?post_type=product&#038;p=979"},"modified":"2025-11-11T11:34:56","modified_gmt":"2025-11-11T09:34:56","slug":"servierwagen-2","status":"publish","type":"product","link":"https:\/\/hannibal.ch\/fr\/produkt\/servierwagen-2\/","title":{"rendered":"Chariot de service"},"content":{"rendered":"<p>Beau chariot de service en bois avec deux \u00e9tag\u00e8res coulissantes de Pago. Fabriqu\u00e9 en Suisse.<\/p>","protected":false},"excerpt":{"rendered":"<p>Beau chariot de service en bois avec deux \u00e9tag\u00e8res coulissantes de Pago. Fabriqu\u00e9 en Suisse.<\/p>","protected":false},"featured_media":982,"comment_status":"closed","ping_status":"closed","template":"","meta":{"_acf_changed":false},"designer":[],"product_brand":[119],"product_cat":[24,47,21],"product_tag":[],"class_list":{"0":"post-979","1":"product","2":"type-product","3":"status-publish","4":"has-post-thumbnail","6":"product_brand-pago","7":"product_cat-moebel","8":"product_cat-rollcontainer","9":"product_cat-tische","11":"first","12":"outofstock","13":"shipping-taxable","14":"purchasable","15":"product-type-simple"},"acf":[],"_links":{"self":[{"href":"https:\/\/hannibal.ch\/fr\/wp-json\/wp\/v2\/product\/979","targetHints":{"allow":["GET"]}}],"collection":[{"href":"https:\/\/hannibal.ch\/fr\/wp-json\/wp\/v2\/product"}],"about":[{"href":"https:\/\/hannibal.ch\/fr\/wp-json\/wp\/v2\/types\/product"}],"replies":[{"embeddable":true,"href":"https:\/\/hannibal.ch\/fr\/wp-json\/wp\/v2\/comments?post=979"}],"wp:featuredmedia":[{"embeddable":true,"href":"https:\/\/hannibal.ch\/fr\/wp-json\/wp\/v2\/media\/982"}],"wp:attachment":[{"href":"https:\/\/hannibal.ch\/fr\/wp-json\/wp\/v2\/media?parent=979"}],"wp:term":[{"taxonomy":"designer","embeddable":true,"href":"https:\/\/hannibal.ch\/fr\/wp-json\/wp\/v2\/designer?post=979"},{"taxonomy":"product_brand","embeddable":true,"href":"https:\/\/hannibal.ch\/fr\/wp-json\/wp\/v2\/product_brand?post=979"},{"taxonomy":"product_cat","embeddable":true,"href":"https:\/\/hannibal.ch\/fr\/wp-json\/wp\/v2\/product_cat?post=979"},{"taxonomy":"product_tag","embeddable":true,"href":"https:\/\/hannibal.ch\/fr\/wp-json\/wp\/v2\/product_tag?post=979"}],"curies":[{"name":"wp","href":"https:\/\/api.w.org\/{rel}","templated":true}]}}