{"id":983,"date":"2025-08-27T12:16:00","date_gmt":"2025-08-27T10:16:00","guid":{"rendered":"https:\/\/hannibal.ch\/?post_type=product&#038;p=983"},"modified":"2025-09-01T16:03:10","modified_gmt":"2025-09-01T14:03:10","slug":"korpus-m10","status":"publish","type":"product","link":"https:\/\/hannibal.ch\/fr\/produkt\/korpus-m10\/","title":{"rendered":"Corps M10"},"content":{"rendered":"<p>Corps pratique de la ligne \"M10\" pour le bureau de Jacob M\u00fcller pour Wohnhilfe Z\u00fcrich. Fabriqu\u00e9 en \u00e9rable. A \u00e9t\u00e9 transform\u00e9 en pieds \u00e0 roulettes.<\/p>","protected":false},"excerpt":{"rendered":"<p>Corps pratique de la ligne \"M10\" pour le bureau de Jacob M\u00fcller pour Wohnhilfe Z\u00fcrich. Fabriqu\u00e9 en \u00e9rable. A \u00e9t\u00e9 transform\u00e9 en pieds \u00e0 roulettes.<\/p>","protected":false},"featured_media":988,"comment_status":"closed","ping_status":"closed","template":"","meta":{"_acf_changed":false},"designer":[121],"product_brand":[120],"product_cat":[24,47],"product_tag":[],"class_list":{"0":"post-983","1":"product","2":"type-product","3":"status-publish","4":"has-post-thumbnail","6":"designer-jacob-mueller","7":"product_brand-wohnhilfe","8":"product_cat-moebel","9":"product_cat-rollcontainer","11":"first","12":"instock","13":"shipping-taxable","14":"purchasable","15":"product-type-simple"},"acf":[],"_links":{"self":[{"href":"https:\/\/hannibal.ch\/fr\/wp-json\/wp\/v2\/product\/983","targetHints":{"allow":["GET"]}}],"collection":[{"href":"https:\/\/hannibal.ch\/fr\/wp-json\/wp\/v2\/product"}],"about":[{"href":"https:\/\/hannibal.ch\/fr\/wp-json\/wp\/v2\/types\/product"}],"replies":[{"embeddable":true,"href":"https:\/\/hannibal.ch\/fr\/wp-json\/wp\/v2\/comments?post=983"}],"wp:featuredmedia":[{"embeddable":true,"href":"https:\/\/hannibal.ch\/fr\/wp-json\/wp\/v2\/media\/988"}],"wp:attachment":[{"href":"https:\/\/hannibal.ch\/fr\/wp-json\/wp\/v2\/media?parent=983"}],"wp:term":[{"taxonomy":"designer","embeddable":true,"href":"https:\/\/hannibal.ch\/fr\/wp-json\/wp\/v2\/designer?post=983"},{"taxonomy":"product_brand","embeddable":true,"href":"https:\/\/hannibal.ch\/fr\/wp-json\/wp\/v2\/product_brand?post=983"},{"taxonomy":"product_cat","embeddable":true,"href":"https:\/\/hannibal.ch\/fr\/wp-json\/wp\/v2\/product_cat?post=983"},{"taxonomy":"product_tag","embeddable":true,"href":"https:\/\/hannibal.ch\/fr\/wp-json\/wp\/v2\/product_tag?post=983"}],"curies":[{"name":"wp","href":"https:\/\/api.w.org\/{rel}","templated":true}]}}